{"id":2075,"date":"2024-01-30T21:15:26","date_gmt":"2024-01-30T21:15:26","guid":{"rendered":"http:\/\/artenginesrl.com\/?page_id=2075"},"modified":"2025-08-19T21:04:09","modified_gmt":"2025-08-19T21:04:09","slug":"terms-and-conditions","status":"publish","type":"page","link":"https:\/\/artenginesrl.com\/it\/terms-and-conditions\/","title":{"rendered":"Termini e Condizioni"},"content":{"rendered":"<h2 class=\"wp-block-gutenverse-heading guten-element guten-HIKnLI animated guten-element-hide desktop-fadeInUp\"><br>Termini e condizioni<\/h2>\n\n\n\n<p class=\"has-sixth-color has-text-color has-link-color has-secondary-font-family has-normal-font-size wp-elements-ddac8665ebecd77f8cac6a05f9d6273f\" style=\"padding-right:var(--wp--preset--spacing--30);padding-left:var(--wp--preset--spacing--30)\">Please read these Terms and Conditions carefully before using the www.artenginesrl.com website operated by Artengine S.r.l , an Italian registered limited company, registration number &#8230;, with the registered address at Viale Corsica, 46, 20137 Milano MI.<\/p>\n\n\n\n<p class=\"has-sixth-color has-text-color has-link-color has-secondary-font-family has-normal-font-size wp-elements-0c974ad82960d6b42f9a0d7bb80137e8\" style=\"padding-right:var(--wp--preset--spacing--30);padding-left:var(--wp--preset--spacing--30)\">L&#039;accesso e l&#039;utilizzo del Servizio \u00e8 subordinato alla sua accettazione e l&#039;osservanza di questi Termini. Questi Termini si applicano a tutti i visitatori, gli utenti e con chiunque di accedere o utilizzare il Servizio.<\/p>\n\n\n\n<p class=\"has-sixth-color has-text-color has-link-color has-secondary-font-family has-normal-font-size wp-elements-7690ec8ea8f06298041f6f8aaca6ed3e\" style=\"padding-right:var(--wp--preset--spacing--30);padding-left:var(--wp--preset--spacing--30)\"><strong>Accedendo o utilizzando il Servizio l&#039;utente accetta di essere vincolato da questi Termini. Se non siete d&#039;accordo con qualsiasi parte dei termini, quindi non si pu\u00f2 accedere al Servizio.<\/strong><\/p>\n\n\n\n<p><\/p>\n\n\n\n<div class=\"guten-element guten-accordions guten-wvSqQ6\">\n<div class=\"accordion-item guten-gwT5NC\"><div class=\"accordion-heading\"><div class=\"accordion-icon\"><span class=\"accordion-icon-open\"><i class=\"fas fa-minus\"><\/i><\/span><span class=\"accordion-icon-closed\"><i class=\"fas fa-plus\"><\/i><\/span><\/div><span class=\"accordion-text\"><strong>Links To Other Websites<\/strong><\/span><\/div><div class=\"accordion-body\"><div class=\"accordion-content\">\n<p class=\"has-primary-color has-text-color has-link-color has-secondary-font-family has-normal-font-size wp-elements-fb1ac56c1e816056245155fd1196a8c3\">Il nostro Servizio pu\u00f2 contenere collegamenti a siti web di terze parti o servizi che non sono posseduti o controllati da Artengine S. r.l .<\/p>\n\n\n\n<p class=\"has-primary-color has-text-color has-link-color has-secondary-font-family has-normal-font-size wp-elements-64603d4e381e6e4ddc5bcb0fe73ee915\">Artengine S. r.l non ha alcun controllo e non assume alcuna responsabilit\u00e0 per il contenuto, le privacy policy o le pratiche di qualsiasi siti web di terze parti o servizi. L&#039;utente riconosce e accetta che Artengine S. r.l non sar\u00e0 responsabile, direttamente o indirettamente, per eventuali danni o perdite causate o presumibilmente causate da o in connessione con l&#039;uso o affidamento su tali contenuti, beni o servizi disponibili su o tramite tali siti web o servizi.<\/p>\n<\/div><\/div><\/div>\n\n\n\n<div class=\"accordion-item guten-tIr2Kt\"><div class=\"accordion-heading\"><div class=\"accordion-icon\"><span class=\"accordion-icon-open\"><i class=\"fas fa-minus\"><\/i><\/span><span class=\"accordion-icon-closed\"><i class=\"fas fa-plus\"><\/i><\/span><\/div><span class=\"accordion-text\"><strong>Cessazione<\/strong><\/span><\/div><div class=\"accordion-body\"><div class=\"accordion-content\">\n<p class=\"has-primary-color has-text-color has-link-color has-secondary-font-family has-normal-font-size wp-elements-c2ec70ffca227c5e5bacf69fb6b2b1f4\">Si potr\u00e0 terminare o sospendere l&#039;accesso al nostro Servizio immediatamente, senza preavviso o responsabilit\u00e0, per qualsiasi motivo, incluso, senza limitazione, in caso di violazione dei Termini.<\/p>\n\n\n\n<p class=\"has-primary-color has-text-color has-link-color has-secondary-font-family has-normal-font-size wp-elements-9213c5cf02d188cdd7a9f2eebbd02821\">Tutte le disposizioni delle Condizioni che, per loro natura, dovrebbero sopravvivere cessazione dopo la risoluzione, compresi, senza limitazione, le disposizioni di propriet\u00e0, esclusioni di garanzia, indennit\u00e0 e limitazioni di responsabilit\u00e0.<\/p>\n<\/div><\/div><\/div>\n\n\n\n<div class=\"accordion-item guten-i0vaJE\"><div class=\"accordion-heading\"><div class=\"accordion-icon\"><span class=\"accordion-icon-open\"><i class=\"fas fa-minus\"><\/i><\/span><span class=\"accordion-icon-closed\"><i class=\"fas fa-plus\"><\/i><\/span><\/div><span class=\"accordion-text\"><strong><strong>Di protezione dei Dati personali<\/strong><\/strong><\/span><\/div><div class=\"accordion-body\"><div class=\"accordion-content\">\n<p class=\"has-primary-color has-text-color has-link-color wp-elements-91be5f71b251f2ecd9a5705af443fa5b\">Il nostro&nbsp;<a href=\"https:\/\/artenginesrl.com\/it\/privacy-policy-2\/\" data-type=\"page\" data-id=\"182\">Politica Sulla Privacy<\/a> si applica a tutti i dati personali o contenuti condivisi su questo Sito.<\/p>\n<\/div><\/div><\/div>\n\n\n\n<div class=\"accordion-item guten-WBfI6F\"><div class=\"accordion-heading\"><div class=\"accordion-icon\"><span class=\"accordion-icon-open\"><i class=\"fas fa-minus\"><\/i><\/span><span class=\"accordion-icon-closed\"><i class=\"fas fa-plus\"><\/i><\/span><\/div><span class=\"accordion-text\"><strong>Dichiarazione Di Copyright<\/strong><\/span><\/div><div class=\"accordion-body\"><div class=\"accordion-content\">\n<p class=\"has-primary-color has-text-color has-link-color has-secondary-font-family has-normal-font-size wp-elements-8d4d9943d01c57eb926203b1d794596c\">Tutti i contenuti, i materiali e la propriet\u00e0 intellettuale visualizzati su questo sito, incluso ma non limitato a testo, grafica, loghi, immagini, video e software, sono di propriet\u00e0 esclusiva di Artengine S. r.l a meno che non diversamente specificato. Questi materiali sono protetti dalle leggi sul copyright e dai trattati internazionali.<\/p>\n\n\n\n<p class=\"has-primary-color has-text-color has-link-color has-secondary-font-family has-normal-font-size wp-elements-26bafda57bef5c3936504ffa41b3b24d\">Si sono concessa una licenza limitata, non esclusiva e revocabile per l&#039;accesso e l&#039;uso delle informazioni su questo sito esclusivamente per le finalit\u00e0 connesse ai servizi forniti da Artengine S. r.l. Qualsiasi uso non autorizzato, la riproduzione, la distribuzione, la modifica, o la visualizzazione dei contenuti \u00e8 severamente proibito.<\/p>\n\n\n\n<p class=\"has-primary-color has-text-color has-link-color has-secondary-font-family has-normal-font-size wp-elements-e85e62995e5bb0e24686e17aa0c3c416\">Artengine S. r.l si riserva il diritto di intraprendere azioni legali nei confronti di qualsiasi individuo o entit\u00e0 trovato per essere violando i nostri diritti di propriet\u00e0 intellettuale. Questo include la ricerca di un risarcimento in denaro, di un provvedimento ingiuntivo, e a qualsiasi altro provvedimento ritenuto opportuno per legge.<\/p>\n\n\n\n<p class=\"has-primary-color has-text-color has-link-color has-secondary-font-family has-normal-font-size wp-elements-703a7c54323c97669bcab35675d30393\">Clienti, utenti e visitatori \u00e8 consentita la creazione di opere derivate, il reverse engineering, o di impegnarsi in qualsiasi attivit\u00e0 che possa compromettere l&#039;integrit\u00e0 della nostra propriet\u00e0 intellettuale.<\/p>\n\n\n\n<p class=\"has-primary-color has-text-color has-link-color has-secondary-font-family has-normal-font-size wp-elements-e2e5aeaeae0052b3c46b67ba7bc264ed\">Se si ritiene che il contenuto su questo sito violi i tuoi diritti di copyright o diritti di propriet\u00e0 intellettuale, vi preghiamo di contattarci tempestivamente con i relativi dettagli, e noi affrontare il problema, in conformit\u00e0 con le leggi applicabili.<\/p>\n\n\n\n<p class=\"has-primary-color has-text-color has-link-color has-secondary-font-family has-normal-font-size wp-elements-137420d22a2df4f2c0dfd4276b414337\">Accedendo e utilizzando questo sito, l&#039;utente accetta di rispettare questi termini del copyright e condizioni. Artengine S. r.l si riserva il diritto di aggiornare o modificare questi termini e condizioni senza preavviso. \u00c8 vostra responsabilit\u00e0 controllare periodicamente questa sezione per rimanere informati su eventuali cambiamenti.<\/p>\n<\/div><\/div><\/div>\n\n\n\n<div class=\"accordion-item guten-SGoxxj\"><div class=\"accordion-heading\"><div class=\"accordion-icon\"><span class=\"accordion-icon-open\"><i class=\"fas fa-minus\"><\/i><\/span><span class=\"accordion-icon-closed\"><i class=\"fas fa-plus\"><\/i><\/span><\/div><span class=\"accordion-text\"><strong>Disclaimer<\/strong><\/span><\/div><div class=\"accordion-body\"><div class=\"accordion-content\">\n<p class=\"has-primary-color has-text-color has-link-color has-secondary-font-family has-normal-font-size wp-elements-aa05a76488e24c036ab96e30da36d9a9\">Le informazioni fornite su questo sito da Artengine S. r.l \u00e8 soltanto a scopo informativo. Mentre facciamo ogni sforzo per garantire l&#039;accuratezza e l&#039;affidabilit\u00e0 delle informazioni presentate, non si garantisce la completezza, la tempestivit\u00e0 o idoneit\u00e0 per qualsiasi scopo particolare.<\/p>\n\n\n\n<p class=\"has-primary-color has-text-color has-link-color has-secondary-font-family has-normal-font-size wp-elements-345f0f142656f1569bb8ec2455206367\">Artengine S. r.l non potr\u00e0 essere ritenuta responsabile per eventuali errori, imprecisioni o omissioni nei contenuti disponibili su questo sito. L&#039;utilizzo di queste informazioni \u00e8 a vostro rischio e pericolo, e Artengine S. r.l declina ogni responsabilit\u00e0 per danni derivanti da o in connessione con l&#039;uso di questo sito web.<\/p>\n\n\n\n<p class=\"has-primary-color has-text-color has-link-color has-secondary-font-family has-normal-font-size wp-elements-b9f1a9935ef76fefd274668588fc2692\">Il nostro sito web pu\u00f2 contenere collegamenti a siti web di terze parti per la vostra convenienza. Questi collegamenti non implica l&#039;approvazione dei siti collegati. Artengine S. r.l non \u00e8 responsabile per il contenuto, l&#039;accuratezza, o pratiche di tali siti web di terzi e declina ogni responsabilit\u00e0 per danni derivanti dal loro utilizzo.<\/p>\n\n\n\n<p class=\"has-primary-color has-text-color has-link-color has-secondary-font-family has-normal-font-size wp-elements-3198b36ea3aa30af4f63ceb543c26b42\">Accedendo e utilizzando questo sito, l&#039;utente accetta di rilasciare Artengine S. r.l da qualsiasi rivendicazione, responsabilit\u00e0, o danni derivanti dal tuo uso del sito o l&#039;affidamento fatto sul suo contenuto.<\/p>\n<\/div><\/div><\/div>\n\n\n\n<div class=\"accordion-item guten-lAoGOI\"><div class=\"accordion-heading\"><div class=\"accordion-icon\"><span class=\"accordion-icon-open\"><i class=\"fas fa-minus\"><\/i><\/span><span class=\"accordion-icon-closed\"><i class=\"fas fa-plus\"><\/i><\/span><\/div><span class=\"accordion-text\"><strong>Modifiche<\/strong><\/span><\/div><div class=\"accordion-body\"><div class=\"accordion-content\">\n<p class=\"has-text-align-left has-primary-color has-text-color has-link-color has-secondary-font-family has-normal-font-size wp-elements-c46322bd0e6672299790e4f65854dffa\">Questi Termini su questo sito web sono soggette a modifiche senza preavviso. Ci riserviamo il diritto di modificare, aggiornare o rimuovere qualsiasi parte dei contenuti o funzioni di questo sito a nostra discrezione. Se una revisione del materiale cercheremo di fornire almeno 30 giorni di preavviso prima che le nuove condizioni di prendere effetto. Ci\u00f2 che costituisce un cambiamento materiale sar\u00e0 determinata a nostra esclusiva discrezione.<\/p>\n\n\n\n<p class=\"has-primary-color has-text-color has-link-color has-secondary-font-family has-normal-font-size wp-elements-220c15e406f657128f3b252df9bf6271\">Il nostro esercizio del diritto di recesso ultimi 30 giorni. Se sono trascorsi 30 giorni dall&#039;acquisto, non siamo in grado di offrire un rimborso completo o di scambio. <\/p>\n<\/div><\/div><\/div>\n\n\n\n<div class=\"accordion-item guten-rkj48W\"><div class=\"accordion-heading\"><div class=\"accordion-icon\"><span class=\"accordion-icon-open\"><i class=\"fas fa-minus\"><\/i><\/span><span class=\"accordion-icon-closed\"><i class=\"fas fa-plus\"><\/i><\/span><\/div><span class=\"accordion-text\"><strong>Contattaci<\/strong><\/span><\/div><div class=\"accordion-body\"><div class=\"accordion-content\">\n<p class=\"has-primary-color has-text-color has-link-color wp-elements-b555a58a48ba44ca4f5cba9eff1f83f0\">Se avete domande su questi Termini, si prega di contattarci.<\/p>\n\n\n\n<p class=\"has-primary-color has-text-color has-link-color wp-elements-b5c7ad504e69fa6a95fca4078d47c18d\">By email: r.bazzi@artenginesrl.com<\/p>\n<\/div><\/div><\/div>\n<\/div>\n\n\n\n<p><\/p>","protected":false},"excerpt":{"rendered":"<p>Please read these Terms and Conditions carefully before using the www.artenginesrl.com website operated by Artengine S.r.l , an Italian registered limited company, registration number &#8230;, with the registered address at Viale Corsica, 46, 20137 Milano MI. Your access to and use of the Service is conditioned on your acceptance of and compliance with these Terms. These Terms apply to all visitors, users and others who access or use the Service. By accessing or using the Service you agree to be bound by these Terms. If you disagree with any part of the terms then you may not access the Service.<\/p>","protected":false},"author":1,"featured_media":0,"parent":0,"menu_order":0,"comment_status":"closed","ping_status":"closed","template":"","meta":{"_eb_attr":"","_uag_custom_page_level_css":"","footnotes":""},"class_list":["post-2075","page","type-page","status-publish","hentry"],"yoast_head":"<!-- This site is optimized with the Yoast SEO plugin v25.8 - https:\/\/yoast.com\/wordpress\/plugins\/seo\/ -->\n<title>Terms and Conditions - ArtEngine S.r.l.<\/title>\n<meta name=\"robots\" content=\"index, follow, max-snippet:-1, max-image-preview:large, max-video-preview:-1\" \/>\n<link rel=\"canonical\" href=\"https:\/\/artenginesrl.com\/it\/terms-and-conditions\/\" \/>\n<meta property=\"og:locale\" content=\"it_IT\" \/>\n<meta property=\"og:type\" content=\"article\" \/>\n<meta property=\"og:title\" content=\"Terms and Conditions - ArtEngine S.r.l.\" \/>\n<meta property=\"og:description\" content=\"Please read these Terms and Conditions carefully before using the www.artenginesrl.com website operated by Artengine S.r.l , an Italian registered limited company, registration number &#8230;, with the registered address at Viale Corsica, 46, 20137 Milano MI. Your access to and use of the Service is conditioned on your acceptance of and compliance with these Terms. These Terms apply to all visitors, users and others who access or use the Service. By accessing or using the Service you agree to be bound by these Terms. If you disagree with any part of the terms then you may not access the Service.\" \/>\n<meta property=\"og:url\" content=\"https:\/\/artenginesrl.com\/it\/terms-and-conditions\/\" \/>\n<meta property=\"og:site_name\" content=\"ArtEngine S.r.l.\" \/>\n<meta property=\"article:modified_time\" content=\"2025-08-19T21:04:09+00:00\" \/>\n<meta name=\"twitter:card\" content=\"summary_large_image\" \/>\n<meta name=\"twitter:label1\" content=\"Tempo di lettura stimato\" \/>\n\t<meta name=\"twitter:data1\" content=\"4 minuti\" \/>\n<script type=\"application\/ld+json\" class=\"yoast-schema-graph\">{\"@context\":\"https:\/\/schema.org\",\"@graph\":[{\"@type\":\"WebPage\",\"@id\":\"https:\/\/artenginesrl.com\/terms-and-conditions\/\",\"url\":\"https:\/\/artenginesrl.com\/terms-and-conditions\/\",\"name\":\"Terms and Conditions - ArtEngine S.r.l.\",\"isPartOf\":{\"@id\":\"https:\/\/artenginesrl.com\/#website\"},\"datePublished\":\"2024-01-30T21:15:26+00:00\",\"dateModified\":\"2025-08-19T21:04:09+00:00\",\"breadcrumb\":{\"@id\":\"https:\/\/artenginesrl.com\/terms-and-conditions\/#breadcrumb\"},\"inLanguage\":\"it-IT\",\"potentialAction\":[{\"@type\":\"ReadAction\",\"target\":[\"https:\/\/artenginesrl.com\/terms-and-conditions\/\"]}]},{\"@type\":\"BreadcrumbList\",\"@id\":\"https:\/\/artenginesrl.com\/terms-and-conditions\/#breadcrumb\",\"itemListElement\":[{\"@type\":\"ListItem\",\"position\":1,\"name\":\"Home\",\"item\":\"https:\/\/artenginesrl.com\/\"},{\"@type\":\"ListItem\",\"position\":2,\"name\":\"Terms and Conditions\"}]},{\"@type\":\"WebSite\",\"@id\":\"https:\/\/artenginesrl.com\/#website\",\"url\":\"https:\/\/artenginesrl.com\/\",\"name\":\"ArtEngine S.r.l.\",\"description\":\" Inspection, Expediting, Audit, Engineering Consultancy, and Import &amp; Export\",\"publisher\":{\"@id\":\"https:\/\/artenginesrl.com\/#organization\"},\"potentialAction\":[{\"@type\":\"SearchAction\",\"target\":{\"@type\":\"EntryPoint\",\"urlTemplate\":\"https:\/\/artenginesrl.com\/?s={search_term_string}\"},\"query-input\":{\"@type\":\"PropertyValueSpecification\",\"valueRequired\":true,\"valueName\":\"search_term_string\"}}],\"inLanguage\":\"it-IT\"},{\"@type\":\"Organization\",\"@id\":\"https:\/\/artenginesrl.com\/#organization\",\"name\":\"ArtEngine S.r.l.\",\"url\":\"https:\/\/artenginesrl.com\/\",\"logo\":{\"@type\":\"ImageObject\",\"inLanguage\":\"it-IT\",\"@id\":\"https:\/\/artenginesrl.com\/#\/schema\/logo\/image\/\",\"url\":\"https:\/\/artenginesrl.com\/wp-content\/uploads\/2025\/07\/cropped-LOGO-LONG-WHITE-scaled-1.webp\",\"contentUrl\":\"https:\/\/artenginesrl.com\/wp-content\/uploads\/2025\/07\/cropped-LOGO-LONG-WHITE-scaled-1.webp\",\"width\":2558,\"height\":511,\"caption\":\"ArtEngine S.r.l.\"},\"image\":{\"@id\":\"https:\/\/artenginesrl.com\/#\/schema\/logo\/image\/\"}}]}<\/script>\n<!-- \/ Yoast SEO plugin. -->","yoast_head_json":{"title":"Terms and Conditions - ArtEngine S.r.l.","robots":{"index":"index","follow":"follow","max-snippet":"max-snippet:-1","max-image-preview":"max-image-preview:large","max-video-preview":"max-video-preview:-1"},"canonical":"https:\/\/artenginesrl.com\/it\/terms-and-conditions\/","og_locale":"it_IT","og_type":"article","og_title":"Terms and Conditions - ArtEngine S.r.l.","og_description":"Please read these Terms and Conditions carefully before using the www.artenginesrl.com website operated by Artengine S.r.l , an Italian registered limited company, registration number &#8230;, with the registered address at Viale Corsica, 46, 20137 Milano MI. Your access to and use of the Service is conditioned on your acceptance of and compliance with these Terms. These Terms apply to all visitors, users and others who access or use the Service. By accessing or using the Service you agree to be bound by these Terms. If you disagree with any part of the terms then you may not access the Service.","og_url":"https:\/\/artenginesrl.com\/it\/terms-and-conditions\/","og_site_name":"ArtEngine S.r.l.","article_modified_time":"2025-08-19T21:04:09+00:00","twitter_card":"summary_large_image","twitter_misc":{"Tempo di lettura stimato":"4 minuti"},"schema":{"@context":"https:\/\/schema.org","@graph":[{"@type":"WebPage","@id":"https:\/\/artenginesrl.com\/terms-and-conditions\/","url":"https:\/\/artenginesrl.com\/terms-and-conditions\/","name":"Terms and Conditions - ArtEngine S.r.l.","isPartOf":{"@id":"https:\/\/artenginesrl.com\/#website"},"datePublished":"2024-01-30T21:15:26+00:00","dateModified":"2025-08-19T21:04:09+00:00","breadcrumb":{"@id":"https:\/\/artenginesrl.com\/terms-and-conditions\/#breadcrumb"},"inLanguage":"it-IT","potentialAction":[{"@type":"ReadAction","target":["https:\/\/artenginesrl.com\/terms-and-conditions\/"]}]},{"@type":"BreadcrumbList","@id":"https:\/\/artenginesrl.com\/terms-and-conditions\/#breadcrumb","itemListElement":[{"@type":"ListItem","position":1,"name":"Home","item":"https:\/\/artenginesrl.com\/"},{"@type":"ListItem","position":2,"name":"Terms and Conditions"}]},{"@type":"WebSite","@id":"https:\/\/artenginesrl.com\/#website","url":"https:\/\/artenginesrl.com\/","name":"ArtEngine S.r.l.","description":"Inspection, Expediting, Audit, Engineering Consultancy, and Import &amp; Export","publisher":{"@id":"https:\/\/artenginesrl.com\/#organization"},"potentialAction":[{"@type":"SearchAction","target":{"@type":"EntryPoint","urlTemplate":"https:\/\/artenginesrl.com\/?s={search_term_string}"},"query-input":{"@type":"PropertyValueSpecification","valueRequired":true,"valueName":"search_term_string"}}],"inLanguage":"it-IT"},{"@type":"Organization","@id":"https:\/\/artenginesrl.com\/#organization","name":"ArtEngine S.r.l.","url":"https:\/\/artenginesrl.com\/","logo":{"@type":"ImageObject","inLanguage":"it-IT","@id":"https:\/\/artenginesrl.com\/#\/schema\/logo\/image\/","url":"https:\/\/artenginesrl.com\/wp-content\/uploads\/2025\/07\/cropped-LOGO-LONG-WHITE-scaled-1.webp","contentUrl":"https:\/\/artenginesrl.com\/wp-content\/uploads\/2025\/07\/cropped-LOGO-LONG-WHITE-scaled-1.webp","width":2558,"height":511,"caption":"ArtEngine S.r.l."},"image":{"@id":"https:\/\/artenginesrl.com\/#\/schema\/logo\/image\/"}}]}},"uagb_featured_image_src":{"full":false,"thumbnail":false,"medium":false,"medium_large":false,"large":false,"1536x1536":false,"2048x2048":false,"trp-custom-language-flag":false,"woocommerce_thumbnail":false,"woocommerce_single":false,"woocommerce_gallery_thumbnail":false},"uagb_author_info":{"display_name":"user","author_link":"https:\/\/artenginesrl.com\/it\/author\/user\/"},"uagb_comment_info":0,"uagb_excerpt":"Please read these Terms and Conditions carefully before using the www.artenginesrl.com website operated by Artengine S.r.l , an Italian registered limited company, registration number &#8230;, with the registered address at Viale Corsica, 46, 20137 Milano MI. Your access to and use of the Service is conditioned on your acceptance of and compliance with these Terms.&hellip;","jetpack_sharing_enabled":true,"_links":{"self":[{"href":"https:\/\/artenginesrl.com\/it\/wp-json\/wp\/v2\/pages\/2075","targetHints":{"allow":["GET"]}}],"collection":[{"href":"https:\/\/artenginesrl.com\/it\/wp-json\/wp\/v2\/pages"}],"about":[{"href":"https:\/\/artenginesrl.com\/it\/wp-json\/wp\/v2\/types\/page"}],"author":[{"embeddable":true,"href":"https:\/\/artenginesrl.com\/it\/wp-json\/wp\/v2\/users\/1"}],"replies":[{"embeddable":true,"href":"https:\/\/artenginesrl.com\/it\/wp-json\/wp\/v2\/comments?post=2075"}],"version-history":[{"count":28,"href":"https:\/\/artenginesrl.com\/it\/wp-json\/wp\/v2\/pages\/2075\/revisions"}],"predecessor-version":[{"id":3661,"href":"https:\/\/artenginesrl.com\/it\/wp-json\/wp\/v2\/pages\/2075\/revisions\/3661"}],"wp:attachment":[{"href":"https:\/\/artenginesrl.com\/it\/wp-json\/wp\/v2\/media?parent=2075"}],"curies":[{"name":"wp","href":"https:\/\/api.w.org\/{rel}","templated":true}]}}