{"id":1371,"date":"2024-01-13T00:29:39","date_gmt":"2024-01-13T00:29:39","guid":{"rendered":"http:\/\/52.29.139.90\/?page_id=1371"},"modified":"2025-08-28T15:58:24","modified_gmt":"2025-08-28T15:58:24","slug":"work-with-us","status":"publish","type":"page","link":"https:\/\/artenginesrl.com\/it\/work-with-us\/","title":{"rendered":"Carriera"},"content":{"rendered":"<div class=\"wp-block-uagb-container uagb-block-8c7a6d42 alignfull uagb-is-root-container\">\n<div class=\"section-wrapper\" data-id=\"ZnjADQ\"><section class=\"wp-block-gutenverse-section guten-element guten-section guten-ZnjADQ layout-boxed align-stretch\"><div class=\"guten-container guten-column-gap-no\">\n<div class=\"wp-block-gutenverse-column guten-element guten-column guten-2x3BCJ\"><div class=\"guten-column-wrapper\" data-id=\"2x3BCJ\">\n<div class=\"guten-element guten-testimonials guten-hvR7dN animated guten-element-hide desktop-fadeInLeft style-2 quote-override\"><div class=\"testimonials-list\"><div id=\"guten-hvR7dN\" class=\"swiper-container\" data-loop=\"true\" data-autoplay=\"false\" data-timeout=\"2400\" data-nav=\"false\" data-arrow=\"false\" data-breakpoints=\"{&quot;0&quot;:{&quot;spaceBetween&quot;:15,&quot;slidesPerView&quot;:1},&quot;768&quot;:{&quot;spaceBetween&quot;:15,&quot;slidesPerView&quot;:1},&quot;1024&quot;:{&quot;spaceBetween&quot;:10,&quot;slidesPerView&quot;:0}}\"><div class=\"swiper-wrapper\"><div class=\"swiper-slide\"><div class=\"guten-testimonial-item\"><div class=\"testimonial-box hover-from-left\"><div class=\"testimonial-content\"><div class=\"comment-header\"><ul class=\"rating-stars\"><\/ul><\/div><div class=\"comment-bio\"><div class=\"bio-details\"><div class=\"profile-image\"><img decoding=\"async\" src=\"https:\/\/artenginesrl.com\/wp-content\/uploads\/2024\/01\/cropped-Icon-Artengine-A.webp\" alt=\"\" data-image-placeholder=\"false\"\/><\/div><span class=\"profile-info\"><strong class=\"profile-name\"><\/strong><p class=\"profile-des\"><\/p><\/span><\/div><\/div><div class=\"comment-content\"><p class=\"profile-comment\">Join ArtEngine S.r.l., a leading company in Quality Control Inspection, Expediting, Audit, and Import-Export activities. We are on the lookout for dedicated professionals who can contribute to our dynamic team. If you have the skills and passion to make a positive impact, we invite you to explore exciting opportunities with us.<\/p><\/div><\/div><\/div><\/div><\/div><\/div><\/div><\/div><\/div>\n\n\n\n<div class=\"wp-block-gutenverse-icon guten-element guten-3RfTrY guten-icon animated guten-element-hide desktop-fadeInRight hide-mobile\"><span class=\"guten-icon-wrapper custom stacked\"><i class=\"gtn gtn-quote-light\"><\/i><\/span><\/div>\n<\/div><\/div>\n\n\n\n<div class=\"wp-block-gutenverse-column guten-element guten-column guten-toC7qL animated guten-element-hide desktop-fadeInRight\"><div class=\"guten-column-wrapper\" data-id=\"toC7qL\">\n<div class=\"guten-element guten-spacer guten-rkjRMQ\"><\/div>\n<\/div><\/div>\n<\/div><\/section><\/div>\n<\/div>\n\n\n\n<div class=\"section-wrapper\" data-id=\"LVIJ6Y\"><section class=\"wp-block-gutenverse-section guten-element guten-section guten-LVIJ6Y layout-boxed align-stretch\"><div class=\"guten-shape-divider guten-shape-divider-bottom\"><svg fill=\"none\" height=\"143\" class=\"guten-shape-fill\" viewbox=\"0 0 1200 143\" preserveaspectratio=\"none\" width=\"1200\" xmlns=\"http:\/\/www.w3.org\/2000\/svg\"><path clip-rule=\"evenodd\" d=\"m1200 20.0467h-33c-34 0-100 0-167 24.0561s-133 72.1682-200 90.2102-133 6.014-200-18.042c-67-24.0561-133-60.1402-200-78.1822-67-18.0421-133-18.0421-200 0-67 18.042-133 54.1261-167 72.1682l-33 18.042v-128.299h1200z\" fill=\"#000\" fill-rule=\"evenodd\"><\/path><\/svg><\/div><div class=\"guten-container guten-column-gap-no\">\n<div class=\"wp-block-gutenverse-column guten-element guten-column guten-ZcOYR5\"><div class=\"guten-column-wrapper\" data-id=\"ZcOYR5\">\n<div class=\"section-wrapper\" data-id=\"HpDPeE\"><section class=\"wp-block-gutenverse-section guten-element guten-section guten-HpDPeE layout-boxed align-stretch\"><div class=\"guten-container guten-column-gap-no\">\n<div class=\"wp-block-gutenverse-column guten-element guten-column guten-HKMH5G\"><div class=\"guten-column-wrapper\" data-id=\"HKMH5G\">\n<div class=\"section-wrapper\" data-id=\"KFcdYI\"><section class=\"wp-block-gutenverse-section guten-element guten-section guten-KFcdYI layout-boxed align-stretch\"><div class=\"guten-container guten-column-gap-no\">\n<div class=\"wp-block-gutenverse-column guten-element guten-column guten-xVuIbl\"><div class=\"guten-column-wrapper\" data-id=\"xVuIbl\">\n<h2 class=\"wp-block-gutenverse-heading guten-element guten-PeOBGJ animated guten-element-hide desktop-fadeInUp\">Perch\u00e9 Scegliere Noi<\/h2>\n\n\n\n<h2 class=\"wp-block-gutenverse-heading guten-element guten-n0p4lr\"><\/h2>\n\n\n\n<div class=\"guten-element gutenverse-text-editor guten-F0mkgz animated guten-element-hide desktop-fadeInUp\"><div class=\"text-content-inner\">\n<p>At ArtEngine S.r.l., we are committed to excellence in every aspect of our operations. Joining us means being part of a company that values integrity, professionalism, and continuous improvement. Our global presence and diverse projects offer a stimulating work environment where your skills can thrive.<\/p>\n<\/div><\/div>\n<\/div><\/div>\n<\/div><\/section><\/div>\n<\/div><\/div>\n<\/div><\/section><\/div>\n\n\n\n<div class=\"section-wrapper\" data-id=\"jHaeQr\"><section class=\"wp-block-gutenverse-section guten-element guten-section guten-jHaeQr layout-boxed align-stretch\"><div class=\"guten-container guten-column-gap-no\">\n<div class=\"wp-block-gutenverse-column guten-element guten-column guten-oYdhGo animated guten-element-hide desktop-fadeInUp\"><div class=\"guten-column-wrapper\" data-id=\"oYdhGo\"><div class=\"guten-background-overlay\"><\/div>\n<h3 class=\"wp-block-gutenverse-heading guten-element guten-jhCORD\">Soluzioni Innovative<\/h3>\n\n\n\n<div class=\"guten-element gutenverse-text-editor guten-mQ3RPB\"><div class=\"text-content-inner\">\n<p>Abbraccia una cultura dell'innovazione dove le tue idee possono plasmare il futuro del controllo qualit\u00e0 e delle ispezioni<\/p>\n<\/div><\/div>\n<\/div><\/div>\n\n\n\n<div class=\"wp-block-gutenverse-column guten-element guten-column guten-ckcPyx animated guten-element-hide desktop-fadeInUp\"><div class=\"guten-column-wrapper\" data-id=\"ckcPyx\"><div class=\"guten-background-overlay\"><\/div>\n<h3 class=\"wp-block-gutenverse-heading guten-element guten-3ZNHW3\">Impatto Globale<\/h3>\n\n\n\n<div class=\"guten-element gutenverse-text-editor guten-IP2pib\"><div class=\"text-content-inner\">\n<p>Contribuisci a progetti di rilevanza internazionale, espandendo i tuoi orizzonti e facendo la differenza su scala globale<\/p>\n<\/div><\/div>\n<\/div><\/div>\n\n\n\n<div class=\"wp-block-gutenverse-column guten-element guten-column guten-qTwyd8\"><div class=\"guten-column-wrapper\" data-id=\"qTwyd8\">\n<div class=\"section-wrapper\" data-id=\"6lVFHR\"><section class=\"wp-block-gutenverse-section guten-element guten-section guten-6lVFHR layout-boxed align-stretch\"><div class=\"guten-container guten-column-gap-no\">\n<div class=\"wp-block-gutenverse-column guten-element guten-column guten-InMMfh animated guten-element-hide desktop-fadeInRight\"><div class=\"guten-column-wrapper\" data-id=\"InMMfh\"><div class=\"guten-background-overlay\"><\/div>\n<h3 class=\"wp-block-gutenverse-heading guten-element guten-4y5kiG\">Sviluppo Professionale<\/h3>\n\n\n\n<div class=\"guten-element gutenverse-text-editor guten-6X0E1A\"><div class=\"text-content-inner\">\n<p>Artengine S.r.l. d\u00e0 priorit\u00e0 alla crescita dei suoi dipendenti. Unisciti a noi per opportunit\u00e0 di apprendimento e sviluppo continuo<\/p>\n<\/div><\/div>\n<\/div><\/div>\n\n\n\n<div class=\"wp-block-gutenverse-column guten-element guten-column guten-sXgTlZ animated guten-element-hide desktop-fadeInRight\"><div class=\"guten-column-wrapper\" data-id=\"sXgTlZ\"><div class=\"guten-background-overlay\"><\/div>\n<h3 class=\"wp-block-gutenverse-heading guten-element guten-l8pBtq\">Collaborazione di Squadra<\/h3>\n\n\n\n<div class=\"guten-element gutenverse-text-editor guten-dxeX22\"><div class=\"text-content-inner\">\n<p>Fai parte di un team collaborativo dove la tua competenza \u00e8 apprezzata e il lavoro di squadra \u00e8 al centro del nostro successo<\/p>\n<\/div><\/div>\n<\/div><\/div>\n<\/div><\/section><\/div>\n<\/div><\/div>\n<\/div><\/section><\/div>\n<\/div><\/div>\n<\/div><\/section><\/div>","protected":false},"excerpt":{"rendered":"","protected":false},"author":1,"featured_media":0,"parent":0,"menu_order":0,"comment_status":"closed","ping_status":"closed","template":"wp-custom-template-career","meta":{"_eb_attr":"","_uag_custom_page_level_css":"","footnotes":""},"class_list":["post-1371","page","type-page","status-publish","hentry"],"yoast_head":"<!-- This site is optimized with the Yoast SEO plugin v25.8 - https:\/\/yoast.com\/wordpress\/plugins\/seo\/ -->\n<title>Career - ArtEngine S.r.l.<\/title>\n<meta name=\"robots\" content=\"index, follow, max-snippet:-1, max-image-preview:large, max-video-preview:-1\" \/>\n<link rel=\"canonical\" href=\"https:\/\/artenginesrl.com\/it\/work-with-us\/\" \/>\n<meta property=\"og:locale\" content=\"it_IT\" \/>\n<meta property=\"og:type\" content=\"article\" \/>\n<meta property=\"og:title\" content=\"Career - ArtEngine S.r.l.\" \/>\n<meta property=\"og:url\" content=\"https:\/\/artenginesrl.com\/it\/work-with-us\/\" \/>\n<meta property=\"og:site_name\" content=\"ArtEngine S.r.l.\" \/>\n<meta property=\"article:modified_time\" content=\"2025-08-28T15:58:24+00:00\" \/>\n<meta property=\"og:image\" content=\"https:\/\/artenginesrl.com\/wp-content\/uploads\/2024\/01\/cropped-Icon-Artengine-A.webp\" \/>\n<meta name=\"twitter:card\" content=\"summary_large_image\" \/>\n<meta name=\"twitter:label1\" content=\"Tempo di lettura stimato\" \/>\n\t<meta name=\"twitter:data1\" content=\"1 minuto\" \/>\n<script type=\"application\/ld+json\" class=\"yoast-schema-graph\">{\"@context\":\"https:\/\/schema.org\",\"@graph\":[{\"@type\":\"WebPage\",\"@id\":\"https:\/\/artenginesrl.com\/work-with-us\/\",\"url\":\"https:\/\/artenginesrl.com\/work-with-us\/\",\"name\":\"Career - ArtEngine S.r.l.\",\"isPartOf\":{\"@id\":\"https:\/\/artenginesrl.com\/#website\"},\"primaryImageOfPage\":{\"@id\":\"https:\/\/artenginesrl.com\/work-with-us\/#primaryimage\"},\"image\":{\"@id\":\"https:\/\/artenginesrl.com\/work-with-us\/#primaryimage\"},\"thumbnailUrl\":\"https:\/\/artenginesrl.com\/wp-content\/uploads\/2024\/01\/cropped-Icon-Artengine-A.webp\",\"datePublished\":\"2024-01-13T00:29:39+00:00\",\"dateModified\":\"2025-08-28T15:58:24+00:00\",\"breadcrumb\":{\"@id\":\"https:\/\/artenginesrl.com\/work-with-us\/#breadcrumb\"},\"inLanguage\":\"it-IT\",\"potentialAction\":[{\"@type\":\"ReadAction\",\"target\":[\"https:\/\/artenginesrl.com\/work-with-us\/\"]}]},{\"@type\":\"ImageObject\",\"inLanguage\":\"it-IT\",\"@id\":\"https:\/\/artenginesrl.com\/work-with-us\/#primaryimage\",\"url\":\"https:\/\/artenginesrl.com\/wp-content\/uploads\/2024\/01\/cropped-Icon-Artengine-A.webp\",\"contentUrl\":\"https:\/\/artenginesrl.com\/wp-content\/uploads\/2024\/01\/cropped-Icon-Artengine-A.webp\"},{\"@type\":\"BreadcrumbList\",\"@id\":\"https:\/\/artenginesrl.com\/work-with-us\/#breadcrumb\",\"itemListElement\":[{\"@type\":\"ListItem\",\"position\":1,\"name\":\"Home\",\"item\":\"https:\/\/artenginesrl.com\/\"},{\"@type\":\"ListItem\",\"position\":2,\"name\":\"Career\"}]},{\"@type\":\"WebSite\",\"@id\":\"https:\/\/artenginesrl.com\/#website\",\"url\":\"https:\/\/artenginesrl.com\/\",\"name\":\"ArtEngine S.r.l.\",\"description\":\" Inspection, Expediting, Audit, Engineering Consultancy, and Import &amp; Export\",\"publisher\":{\"@id\":\"https:\/\/artenginesrl.com\/#organization\"},\"potentialAction\":[{\"@type\":\"SearchAction\",\"target\":{\"@type\":\"EntryPoint\",\"urlTemplate\":\"https:\/\/artenginesrl.com\/?s={search_term_string}\"},\"query-input\":{\"@type\":\"PropertyValueSpecification\",\"valueRequired\":true,\"valueName\":\"search_term_string\"}}],\"inLanguage\":\"it-IT\"},{\"@type\":\"Organization\",\"@id\":\"https:\/\/artenginesrl.com\/#organization\",\"name\":\"ArtEngine S.r.l.\",\"url\":\"https:\/\/artenginesrl.com\/\",\"logo\":{\"@type\":\"ImageObject\",\"inLanguage\":\"it-IT\",\"@id\":\"https:\/\/artenginesrl.com\/#\/schema\/logo\/image\/\",\"url\":\"https:\/\/artenginesrl.com\/wp-content\/uploads\/2025\/07\/cropped-LOGO-LONG-WHITE-scaled-1.webp\",\"contentUrl\":\"https:\/\/artenginesrl.com\/wp-content\/uploads\/2025\/07\/cropped-LOGO-LONG-WHITE-scaled-1.webp\",\"width\":2558,\"height\":511,\"caption\":\"ArtEngine S.r.l.\"},\"image\":{\"@id\":\"https:\/\/artenginesrl.com\/#\/schema\/logo\/image\/\"}}]}<\/script>\n<!-- \/ Yoast SEO plugin. -->","yoast_head_json":{"title":"Career - ArtEngine S.r.l.","robots":{"index":"index","follow":"follow","max-snippet":"max-snippet:-1","max-image-preview":"max-image-preview:large","max-video-preview":"max-video-preview:-1"},"canonical":"https:\/\/artenginesrl.com\/it\/work-with-us\/","og_locale":"it_IT","og_type":"article","og_title":"Career - ArtEngine S.r.l.","og_url":"https:\/\/artenginesrl.com\/it\/work-with-us\/","og_site_name":"ArtEngine S.r.l.","article_modified_time":"2025-08-28T15:58:24+00:00","og_image":[{"url":"https:\/\/artenginesrl.com\/wp-content\/uploads\/2024\/01\/cropped-Icon-Artengine-A.webp","type":"","width":"","height":""}],"twitter_card":"summary_large_image","twitter_misc":{"Tempo di lettura stimato":"1 minuto"},"schema":{"@context":"https:\/\/schema.org","@graph":[{"@type":"WebPage","@id":"https:\/\/artenginesrl.com\/work-with-us\/","url":"https:\/\/artenginesrl.com\/work-with-us\/","name":"Career - ArtEngine S.r.l.","isPartOf":{"@id":"https:\/\/artenginesrl.com\/#website"},"primaryImageOfPage":{"@id":"https:\/\/artenginesrl.com\/work-with-us\/#primaryimage"},"image":{"@id":"https:\/\/artenginesrl.com\/work-with-us\/#primaryimage"},"thumbnailUrl":"https:\/\/artenginesrl.com\/wp-content\/uploads\/2024\/01\/cropped-Icon-Artengine-A.webp","datePublished":"2024-01-13T00:29:39+00:00","dateModified":"2025-08-28T15:58:24+00:00","breadcrumb":{"@id":"https:\/\/artenginesrl.com\/work-with-us\/#breadcrumb"},"inLanguage":"it-IT","potentialAction":[{"@type":"ReadAction","target":["https:\/\/artenginesrl.com\/work-with-us\/"]}]},{"@type":"ImageObject","inLanguage":"it-IT","@id":"https:\/\/artenginesrl.com\/work-with-us\/#primaryimage","url":"https:\/\/artenginesrl.com\/wp-content\/uploads\/2024\/01\/cropped-Icon-Artengine-A.webp","contentUrl":"https:\/\/artenginesrl.com\/wp-content\/uploads\/2024\/01\/cropped-Icon-Artengine-A.webp"},{"@type":"BreadcrumbList","@id":"https:\/\/artenginesrl.com\/work-with-us\/#breadcrumb","itemListElement":[{"@type":"ListItem","position":1,"name":"Home","item":"https:\/\/artenginesrl.com\/"},{"@type":"ListItem","position":2,"name":"Career"}]},{"@type":"WebSite","@id":"https:\/\/artenginesrl.com\/#website","url":"https:\/\/artenginesrl.com\/","name":"ArtEngine S.r.l.","description":"Inspection, Expediting, Audit, Engineering Consultancy, and Import &amp; Export","publisher":{"@id":"https:\/\/artenginesrl.com\/#organization"},"potentialAction":[{"@type":"SearchAction","target":{"@type":"EntryPoint","urlTemplate":"https:\/\/artenginesrl.com\/?s={search_term_string}"},"query-input":{"@type":"PropertyValueSpecification","valueRequired":true,"valueName":"search_term_string"}}],"inLanguage":"it-IT"},{"@type":"Organization","@id":"https:\/\/artenginesrl.com\/#organization","name":"ArtEngine S.r.l.","url":"https:\/\/artenginesrl.com\/","logo":{"@type":"ImageObject","inLanguage":"it-IT","@id":"https:\/\/artenginesrl.com\/#\/schema\/logo\/image\/","url":"https:\/\/artenginesrl.com\/wp-content\/uploads\/2025\/07\/cropped-LOGO-LONG-WHITE-scaled-1.webp","contentUrl":"https:\/\/artenginesrl.com\/wp-content\/uploads\/2025\/07\/cropped-LOGO-LONG-WHITE-scaled-1.webp","width":2558,"height":511,"caption":"ArtEngine S.r.l."},"image":{"@id":"https:\/\/artenginesrl.com\/#\/schema\/logo\/image\/"}}]}},"uagb_featured_image_src":{"full":false,"thumbnail":false,"medium":false,"medium_large":false,"large":false,"1536x1536":false,"2048x2048":false,"trp-custom-language-flag":false,"woocommerce_thumbnail":false,"woocommerce_single":false,"woocommerce_gallery_thumbnail":false},"uagb_author_info":{"display_name":"user","author_link":"https:\/\/artenginesrl.com\/it\/author\/user\/"},"uagb_comment_info":0,"uagb_excerpt":null,"jetpack_sharing_enabled":true,"_links":{"self":[{"href":"https:\/\/artenginesrl.com\/it\/wp-json\/wp\/v2\/pages\/1371","targetHints":{"allow":["GET"]}}],"collection":[{"href":"https:\/\/artenginesrl.com\/it\/wp-json\/wp\/v2\/pages"}],"about":[{"href":"https:\/\/artenginesrl.com\/it\/wp-json\/wp\/v2\/types\/page"}],"author":[{"embeddable":true,"href":"https:\/\/artenginesrl.com\/it\/wp-json\/wp\/v2\/users\/1"}],"replies":[{"embeddable":true,"href":"https:\/\/artenginesrl.com\/it\/wp-json\/wp\/v2\/comments?post=1371"}],"version-history":[{"count":18,"href":"https:\/\/artenginesrl.com\/it\/wp-json\/wp\/v2\/pages\/1371\/revisions"}],"predecessor-version":[{"id":4222,"href":"https:\/\/artenginesrl.com\/it\/wp-json\/wp\/v2\/pages\/1371\/revisions\/4222"}],"wp:attachment":[{"href":"https:\/\/artenginesrl.com\/it\/wp-json\/wp\/v2\/media?parent=1371"}],"curies":[{"name":"wp","href":"https:\/\/api.w.org\/{rel}","templated":true}]}}