{"id":1308,"date":"2024-01-11T22:37:30","date_gmt":"2024-01-11T22:37:30","guid":{"rendered":"http:\/\/52.29.139.90\/?page_id=1308"},"modified":"2025-08-24T21:33:44","modified_gmt":"2025-08-24T21:33:44","slug":"automotive","status":"publish","type":"page","link":"https:\/\/artenginesrl.com\/it\/automotive\/","title":{"rendered":"Automobilistico"},"content":{"rendered":"<div class=\"wp-block-uagb-container uagb-block-bd1b0769 alignfull uagb-is-root-container\">\n<h5 class=\"wp-block-gutenverse-heading guten-element guten-UhZ9Mx animated guten-element-hide desktop-fadeInUp\">Automobilistico<\/h5>\n\n\n\n<h2 class=\"wp-block-gutenverse-heading guten-element guten-sEHjF1 animated guten-element-hide desktop-fadeInUp\">Ispezioni, expediting, audit su misura per l'assicurazione qualit\u00e0 nel settore automobilistico<\/h2>\n\n\n\n<div class=\"guten-element gutenverse-text-editor guten-r2L8lD animated guten-element-hide desktop-fadeInUp\"><div class=\"text-content-inner\">\n<p class=\"has-secondary-font-family has-small-font-size\">Servizi di ispezione, expediting e audit su misura garantiscono l'eccellenza e la conformit\u00e0 nel settore automobilistico<\/p>\n<\/div><\/div>\n<\/div>\n\n\n\n<div class=\"section-wrapper\" data-id=\"RwPYzC\"><section class=\"wp-block-gutenverse-section guten-element guten-section guten-RwPYzC layout-boxed align-stretch\"><div class=\"guten-container guten-column-gap-default\">\n<div class=\"wp-block-gutenverse-column guten-element guten-column guten-niJKDh\"><div class=\"guten-column-wrapper\" data-id=\"niJKDh\">\n<div class=\"wp-block-gutenverse-image guten-element guten-image guten-ioCE3C animated guten-element-hide desktop-fadeInLeft\"><div class=\"guten-image-wrapper\"><img fetchpriority=\"high\" decoding=\"async\" class=\"gutenverse-image-box-filled\" src=\"https:\/\/artenginesrl.com\/wp-content\/uploads\/2024\/01\/8.webp\" height=\"1920\" width=\"1449\"\/><\/div><\/div>\n<\/div><\/div>\n\n\n\n<div class=\"wp-block-gutenverse-column guten-element guten-column guten-bQN1pX\"><div class=\"guten-column-wrapper\" data-id=\"bQN1pX\">\n<h2 class=\"wp-block-gutenverse-heading guten-element guten-PgEYOk animated guten-element-hide desktop-fadeInLeft\">Guidare l'Innovazione: I Progressi dell'Automobilistica di Artengine Liberati<\/h2>\n\n\n\n<div class=\"guten-element gutenverse-text-editor guten-Ej6Yf4 animated guten-element-hide desktop-fadeInLeft\"><div class=\"text-content-inner\">\n<p class=\"has-secondary-font-family has-small-font-size\">Artengine S.r.l, un protagonista di spicco nell'ispezione di qualit\u00e0, nella spedizione, negli audit, si specializza nel soddisfare le diverse esigenze del controllo qualit\u00e0 delle industrie automobilistiche. Il nostro team impegnato garantisce la massima qualit\u00e0 ed efficienza nei processi di produzione. Attraverso ispezioni meticolose, spedizioni strategiche e audit completi, Artengine S.r.l contribuisce attivamente al successo del settore automobilistico. Affidati ad Artengine S.r.l come tuo partner affidabile, garantendo l'eccellenza in ogni fase dei tuoi progetti automobilistici e sostenendo il continuo avanzamento delle industrie automobilistiche.<\/p>\n<\/div><\/div>\n<\/div><\/div>\n<\/div><\/section><\/div>\n\n\n\n<div class=\"section-wrapper\" data-id=\"K0Z9hU\"><section class=\"wp-block-gutenverse-section guten-element guten-section guten-K0Z9hU layout-boxed align-stretch\"><div class=\"guten-background-overlay\"><\/div><div class=\"guten-container guten-column-gap-default\">\n<div class=\"wp-block-gutenverse-column guten-element guten-column guten-IbQOH1\"><div class=\"guten-column-wrapper\" data-id=\"IbQOH1\">\n<h2 class=\"wp-block-gutenverse-heading guten-element guten-JO1ylO animated guten-element-hide desktop-fadeInUp\">Sei ancora confuso riguardo alle nostre caratteristiche? Ottieni una consulenza<\/h2>\n\n\n\n<div class=\"guten-element gutenverse-text-editor guten-EtWl3J animated guten-element-hide desktop-fadeInUp\"><div class=\"text-content-inner\">\n<p>Incerto riguardo alle nostre funzionalit\u00e0? Prenota una consulenza per una guida personalizzata e chiarezza su come i nostri servizi possano beneficiarti<\/p>\n<\/div><\/div>\n\n\n\n<div class=\"guten-element guten-button-wrapper guten-feMf7x\"><a class=\"guten-button animated guten-element-hide slow desktop-fadeInUp guten-button-sm\" href=\"https:\/\/artenginesrl.com\/it\/contact-us\/\"><span>Ottenere Un Preventivo<\/span><\/a><\/div>\n<\/div><\/div>\n<\/div><\/section><\/div>","protected":false},"excerpt":{"rendered":"","protected":false},"author":1,"featured_media":0,"parent":0,"menu_order":0,"comment_status":"closed","ping_status":"closed","template":"wp-custom-template-automotive","meta":{"_eb_attr":"","_uag_custom_page_level_css":"","footnotes":""},"class_list":["post-1308","page","type-page","status-publish","hentry"],"yoast_head":"<!-- This site is optimized with the Yoast SEO plugin v25.8 - https:\/\/yoast.com\/wordpress\/plugins\/seo\/ -->\n<title>Automotive - ArtEngine S.r.l.<\/title>\n<meta name=\"robots\" content=\"index, follow, max-snippet:-1, max-image-preview:large, max-video-preview:-1\" \/>\n<link rel=\"canonical\" href=\"https:\/\/artenginesrl.com\/it\/automotive\/\" \/>\n<meta property=\"og:locale\" content=\"it_IT\" \/>\n<meta property=\"og:type\" content=\"article\" \/>\n<meta property=\"og:title\" content=\"Automotive - ArtEngine S.r.l.\" \/>\n<meta property=\"og:url\" content=\"https:\/\/artenginesrl.com\/it\/automotive\/\" \/>\n<meta property=\"og:site_name\" content=\"ArtEngine S.r.l.\" \/>\n<meta property=\"article:modified_time\" content=\"2025-08-24T21:33:44+00:00\" \/>\n<meta property=\"og:image\" content=\"https:\/\/artenginesrl.com\/wp-content\/uploads\/2024\/01\/8.webp\" \/>\n<meta name=\"twitter:card\" content=\"summary_large_image\" \/>\n<meta name=\"twitter:label1\" content=\"Tempo di lettura stimato\" \/>\n\t<meta name=\"twitter:data1\" content=\"1 minuto\" \/>\n<script type=\"application\/ld+json\" class=\"yoast-schema-graph\">{\"@context\":\"https:\/\/schema.org\",\"@graph\":[{\"@type\":\"WebPage\",\"@id\":\"https:\/\/artenginesrl.com\/automotive\/\",\"url\":\"https:\/\/artenginesrl.com\/automotive\/\",\"name\":\"Automotive - ArtEngine S.r.l.\",\"isPartOf\":{\"@id\":\"https:\/\/artenginesrl.com\/#website\"},\"primaryImageOfPage\":{\"@id\":\"https:\/\/artenginesrl.com\/automotive\/#primaryimage\"},\"image\":{\"@id\":\"https:\/\/artenginesrl.com\/automotive\/#primaryimage\"},\"thumbnailUrl\":\"https:\/\/artenginesrl.com\/wp-content\/uploads\/2024\/01\/8.webp\",\"datePublished\":\"2024-01-11T22:37:30+00:00\",\"dateModified\":\"2025-08-24T21:33:44+00:00\",\"breadcrumb\":{\"@id\":\"https:\/\/artenginesrl.com\/automotive\/#breadcrumb\"},\"inLanguage\":\"it-IT\",\"potentialAction\":[{\"@type\":\"ReadAction\",\"target\":[\"https:\/\/artenginesrl.com\/automotive\/\"]}]},{\"@type\":\"ImageObject\",\"inLanguage\":\"it-IT\",\"@id\":\"https:\/\/artenginesrl.com\/automotive\/#primaryimage\",\"url\":\"https:\/\/artenginesrl.com\/wp-content\/uploads\/2024\/01\/8.webp\",\"contentUrl\":\"https:\/\/artenginesrl.com\/wp-content\/uploads\/2024\/01\/8.webp\"},{\"@type\":\"BreadcrumbList\",\"@id\":\"https:\/\/artenginesrl.com\/automotive\/#breadcrumb\",\"itemListElement\":[{\"@type\":\"ListItem\",\"position\":1,\"name\":\"Home\",\"item\":\"https:\/\/artenginesrl.com\/\"},{\"@type\":\"ListItem\",\"position\":2,\"name\":\"Automotive\"}]},{\"@type\":\"WebSite\",\"@id\":\"https:\/\/artenginesrl.com\/#website\",\"url\":\"https:\/\/artenginesrl.com\/\",\"name\":\"ArtEngine S.r.l.\",\"description\":\" Inspection, Expediting, Audit, Engineering Consultancy, and Import &amp; Export\",\"publisher\":{\"@id\":\"https:\/\/artenginesrl.com\/#organization\"},\"potentialAction\":[{\"@type\":\"SearchAction\",\"target\":{\"@type\":\"EntryPoint\",\"urlTemplate\":\"https:\/\/artenginesrl.com\/?s={search_term_string}\"},\"query-input\":{\"@type\":\"PropertyValueSpecification\",\"valueRequired\":true,\"valueName\":\"search_term_string\"}}],\"inLanguage\":\"it-IT\"},{\"@type\":\"Organization\",\"@id\":\"https:\/\/artenginesrl.com\/#organization\",\"name\":\"ArtEngine S.r.l.\",\"url\":\"https:\/\/artenginesrl.com\/\",\"logo\":{\"@type\":\"ImageObject\",\"inLanguage\":\"it-IT\",\"@id\":\"https:\/\/artenginesrl.com\/#\/schema\/logo\/image\/\",\"url\":\"https:\/\/artenginesrl.com\/wp-content\/uploads\/2025\/07\/cropped-LOGO-LONG-WHITE-scaled-1.webp\",\"contentUrl\":\"https:\/\/artenginesrl.com\/wp-content\/uploads\/2025\/07\/cropped-LOGO-LONG-WHITE-scaled-1.webp\",\"width\":2558,\"height\":511,\"caption\":\"ArtEngine S.r.l.\"},\"image\":{\"@id\":\"https:\/\/artenginesrl.com\/#\/schema\/logo\/image\/\"}}]}<\/script>\n<!-- \/ Yoast SEO plugin. -->","yoast_head_json":{"title":"Automotive - ArtEngine S.r.l.","robots":{"index":"index","follow":"follow","max-snippet":"max-snippet:-1","max-image-preview":"max-image-preview:large","max-video-preview":"max-video-preview:-1"},"canonical":"https:\/\/artenginesrl.com\/it\/automotive\/","og_locale":"it_IT","og_type":"article","og_title":"Automotive - ArtEngine S.r.l.","og_url":"https:\/\/artenginesrl.com\/it\/automotive\/","og_site_name":"ArtEngine S.r.l.","article_modified_time":"2025-08-24T21:33:44+00:00","og_image":[{"url":"https:\/\/artenginesrl.com\/wp-content\/uploads\/2024\/01\/8.webp","type":"","width":"","height":""}],"twitter_card":"summary_large_image","twitter_misc":{"Tempo di lettura stimato":"1 minuto"},"schema":{"@context":"https:\/\/schema.org","@graph":[{"@type":"WebPage","@id":"https:\/\/artenginesrl.com\/automotive\/","url":"https:\/\/artenginesrl.com\/automotive\/","name":"Automotive - ArtEngine S.r.l.","isPartOf":{"@id":"https:\/\/artenginesrl.com\/#website"},"primaryImageOfPage":{"@id":"https:\/\/artenginesrl.com\/automotive\/#primaryimage"},"image":{"@id":"https:\/\/artenginesrl.com\/automotive\/#primaryimage"},"thumbnailUrl":"https:\/\/artenginesrl.com\/wp-content\/uploads\/2024\/01\/8.webp","datePublished":"2024-01-11T22:37:30+00:00","dateModified":"2025-08-24T21:33:44+00:00","breadcrumb":{"@id":"https:\/\/artenginesrl.com\/automotive\/#breadcrumb"},"inLanguage":"it-IT","potentialAction":[{"@type":"ReadAction","target":["https:\/\/artenginesrl.com\/automotive\/"]}]},{"@type":"ImageObject","inLanguage":"it-IT","@id":"https:\/\/artenginesrl.com\/automotive\/#primaryimage","url":"https:\/\/artenginesrl.com\/wp-content\/uploads\/2024\/01\/8.webp","contentUrl":"https:\/\/artenginesrl.com\/wp-content\/uploads\/2024\/01\/8.webp"},{"@type":"BreadcrumbList","@id":"https:\/\/artenginesrl.com\/automotive\/#breadcrumb","itemListElement":[{"@type":"ListItem","position":1,"name":"Home","item":"https:\/\/artenginesrl.com\/"},{"@type":"ListItem","position":2,"name":"Automotive"}]},{"@type":"WebSite","@id":"https:\/\/artenginesrl.com\/#website","url":"https:\/\/artenginesrl.com\/","name":"ArtEngine S.r.l.","description":"Inspection, Expediting, Audit, Engineering Consultancy, and Import &amp; Export","publisher":{"@id":"https:\/\/artenginesrl.com\/#organization"},"potentialAction":[{"@type":"SearchAction","target":{"@type":"EntryPoint","urlTemplate":"https:\/\/artenginesrl.com\/?s={search_term_string}"},"query-input":{"@type":"PropertyValueSpecification","valueRequired":true,"valueName":"search_term_string"}}],"inLanguage":"it-IT"},{"@type":"Organization","@id":"https:\/\/artenginesrl.com\/#organization","name":"ArtEngine S.r.l.","url":"https:\/\/artenginesrl.com\/","logo":{"@type":"ImageObject","inLanguage":"it-IT","@id":"https:\/\/artenginesrl.com\/#\/schema\/logo\/image\/","url":"https:\/\/artenginesrl.com\/wp-content\/uploads\/2025\/07\/cropped-LOGO-LONG-WHITE-scaled-1.webp","contentUrl":"https:\/\/artenginesrl.com\/wp-content\/uploads\/2025\/07\/cropped-LOGO-LONG-WHITE-scaled-1.webp","width":2558,"height":511,"caption":"ArtEngine S.r.l."},"image":{"@id":"https:\/\/artenginesrl.com\/#\/schema\/logo\/image\/"}}]}},"uagb_featured_image_src":{"full":false,"thumbnail":false,"medium":false,"medium_large":false,"large":false,"1536x1536":false,"2048x2048":false,"trp-custom-language-flag":false,"woocommerce_thumbnail":false,"woocommerce_single":false,"woocommerce_gallery_thumbnail":false},"uagb_author_info":{"display_name":"user","author_link":"https:\/\/artenginesrl.com\/it\/author\/user\/"},"uagb_comment_info":0,"uagb_excerpt":null,"jetpack_sharing_enabled":true,"_links":{"self":[{"href":"https:\/\/artenginesrl.com\/it\/wp-json\/wp\/v2\/pages\/1308","targetHints":{"allow":["GET"]}}],"collection":[{"href":"https:\/\/artenginesrl.com\/it\/wp-json\/wp\/v2\/pages"}],"about":[{"href":"https:\/\/artenginesrl.com\/it\/wp-json\/wp\/v2\/types\/page"}],"author":[{"embeddable":true,"href":"https:\/\/artenginesrl.com\/it\/wp-json\/wp\/v2\/users\/1"}],"replies":[{"embeddable":true,"href":"https:\/\/artenginesrl.com\/it\/wp-json\/wp\/v2\/comments?post=1308"}],"version-history":[{"count":9,"href":"https:\/\/artenginesrl.com\/it\/wp-json\/wp\/v2\/pages\/1308\/revisions"}],"predecessor-version":[{"id":3731,"href":"https:\/\/artenginesrl.com\/it\/wp-json\/wp\/v2\/pages\/1308\/revisions\/3731"}],"wp:attachment":[{"href":"https:\/\/artenginesrl.com\/it\/wp-json\/wp\/v2\/media?parent=1308"}],"curies":[{"name":"wp","href":"https:\/\/api.w.org\/{rel}","templated":true}]}}