{"id":1297,"date":"2024-01-11T21:31:00","date_gmt":"2024-01-11T21:31:00","guid":{"rendered":"http:\/\/52.29.139.90\/?page_id=1297"},"modified":"2025-08-24T21:01:14","modified_gmt":"2025-08-24T21:01:14","slug":"aerospace","status":"publish","type":"page","link":"https:\/\/artenginesrl.com\/it\/aerospace\/","title":{"rendered":"Aerospaziale"},"content":{"rendered":"<div class=\"wp-block-uagb-container uagb-block-f9ac5c4c alignfull uagb-is-root-container\">\n<h5 class=\"wp-block-gutenverse-heading guten-element guten-voAE2N animated guten-element-hide desktop-fadeInUp\">Aerospaziale<\/h5>\n\n\n\n<h2 class=\"wp-block-gutenverse-heading guten-element guten-xwIUmi animated guten-element-hide desktop-fadeInUp\">Ispettioni di precisione, accelerazioni, audit garantendo l'assicurazione qualit\u00e0 settore aerospaziale<\/h2>\n\n\n\n<div class=\"guten-element gutenverse-text-editor guten-dSeznD animated guten-element-hide desktop-fadeInUp\"><div class=\"text-content-inner\">\n<p class=\"has-secondary-font-family has-small-font-size\">Specializzati in ispezioni precise, accelerazioni e audit per garantire la conformit\u00e0 e l'assicurazione qualit\u00e0 nel settore aerospaziale<\/p>\n<\/div><\/div>\n<\/div>\n\n\n\n<div class=\"section-wrapper\" data-id=\"153zIE\"><section class=\"wp-block-gutenverse-section guten-element guten-section guten-153zIE layout-boxed align-stretch\"><div class=\"guten-container guten-column-gap-default\">\n<div class=\"wp-block-gutenverse-column guten-element guten-column guten-F92fBA\"><div class=\"guten-column-wrapper\" data-id=\"F92fBA\">\n<div class=\"wp-block-gutenverse-image guten-element guten-image guten-DQ9aRz animated guten-element-hide desktop-fadeInLeft\"><div class=\"guten-image-wrapper\"><img fetchpriority=\"high\" decoding=\"async\" class=\"gutenverse-image-box-filled\" src=\"https:\/\/artenginesrl.com\/wp-content\/uploads\/2024\/01\/7.webp\" height=\"1920\" width=\"1449\"\/><\/div><\/div>\n<\/div><\/div>\n\n\n\n<div class=\"wp-block-gutenverse-column guten-element guten-column guten-x2xmfd\"><div class=\"guten-column-wrapper\" data-id=\"x2xmfd\">\n<h2 class=\"wp-block-gutenverse-heading guten-element guten-LEely8 animated guten-element-hide desktop-fadeInLeft\">Eccellenza Aerospaziale: Le Innovazioni Celesti di Artengine Liberato<\/h2>\n\n\n\n<div class=\"guten-element gutenverse-text-editor guten-E5QG7o animated guten-element-hide desktop-fadeInLeft\"><div class=\"text-content-inner\">\n<p class=\"has-secondary-font-family has-small-font-size\">Artengine S.r.l, un giocatore distinto nell'ispezione di qualit\u00e0, nella spedizione, negli audit e nelle attivit\u00e0 di importazione ed esportazione, si specializza nel soddisfare le intricate esigenze di controllo qualit\u00e0 delle industrie aerospaziali. Conducente ispezioni approfondite, accelerando le fasi critiche e fornendo audit meticolosi, Artengine S.r.l garantisce la conformit\u00e0 alle rigorose normative del settore. Fidati di Artengine S.r.l per l'eccellenza, assicurando che le tue imprese raggiungano nuove altezze nel settore aerospaziale.<\/p>\n<\/div><\/div>\n<\/div><\/div>\n<\/div><\/section><\/div>\n\n\n\n<div class=\"section-wrapper\" data-id=\"ak2SI9\"><section class=\"wp-block-gutenverse-section guten-element guten-section guten-ak2SI9 layout-boxed align-stretch\"><div class=\"guten-background-overlay\"><\/div><div class=\"guten-container guten-column-gap-default\">\n<div class=\"wp-block-gutenverse-column guten-element guten-column guten-lvEjHq\"><div class=\"guten-column-wrapper\" data-id=\"lvEjHq\">\n<h2 class=\"wp-block-gutenverse-heading guten-element guten-BoPezu animated guten-element-hide desktop-fadeInUp\">Sei ancora confuso riguardo alle nostre caratteristiche? Ottieni una consulenza<\/h2>\n\n\n\n<div class=\"guten-element gutenverse-text-editor guten-L5CASC animated guten-element-hide desktop-fadeInUp\"><div class=\"text-content-inner\">\n<p>Incerto riguardo alle nostre funzionalit\u00e0? Prenota una consulenza per una guida personalizzata e chiarezza su come i nostri servizi possano beneficiarti<\/p>\n<\/div><\/div>\n\n\n\n<div class=\"guten-element guten-button-wrapper guten-pAudvV\"><a class=\"guten-button animated guten-element-hide slow desktop-fadeInUp guten-button-sm\" href=\"https:\/\/artenginesrl.com\/it\/contact-us\/\"><span>Ottenere Un Preventivo<\/span><\/a><\/div>\n<\/div><\/div>\n<\/div><\/section><\/div>","protected":false},"excerpt":{"rendered":"","protected":false},"author":1,"featured_media":0,"parent":0,"menu_order":0,"comment_status":"closed","ping_status":"closed","template":"wp-custom-template-aerospace","meta":{"_eb_attr":"","_uag_custom_page_level_css":"","footnotes":""},"class_list":["post-1297","page","type-page","status-publish","hentry"],"yoast_head":"<!-- This site is optimized with the Yoast SEO plugin v25.8 - https:\/\/yoast.com\/wordpress\/plugins\/seo\/ -->\n<title>Aerospace - ArtEngine S.r.l.<\/title>\n<meta name=\"robots\" content=\"index, follow, max-snippet:-1, max-image-preview:large, max-video-preview:-1\" \/>\n<link rel=\"canonical\" href=\"https:\/\/artenginesrl.com\/it\/aerospace\/\" \/>\n<meta property=\"og:locale\" content=\"it_IT\" \/>\n<meta property=\"og:type\" content=\"article\" \/>\n<meta property=\"og:title\" content=\"Aerospace - ArtEngine S.r.l.\" \/>\n<meta property=\"og:url\" content=\"https:\/\/artenginesrl.com\/it\/aerospace\/\" \/>\n<meta property=\"og:site_name\" content=\"ArtEngine S.r.l.\" \/>\n<meta property=\"article:modified_time\" content=\"2025-08-24T21:01:14+00:00\" \/>\n<meta property=\"og:image\" content=\"https:\/\/artenginesrl.com\/wp-content\/uploads\/2024\/01\/7.webp\" \/>\n<meta name=\"twitter:card\" content=\"summary_large_image\" \/>\n<meta name=\"twitter:label1\" content=\"Tempo di lettura stimato\" \/>\n\t<meta name=\"twitter:data1\" content=\"1 minuto\" \/>\n<script type=\"application\/ld+json\" class=\"yoast-schema-graph\">{\"@context\":\"https:\/\/schema.org\",\"@graph\":[{\"@type\":\"WebPage\",\"@id\":\"https:\/\/artenginesrl.com\/aerospace\/\",\"url\":\"https:\/\/artenginesrl.com\/aerospace\/\",\"name\":\"Aerospace - ArtEngine S.r.l.\",\"isPartOf\":{\"@id\":\"https:\/\/artenginesrl.com\/#website\"},\"primaryImageOfPage\":{\"@id\":\"https:\/\/artenginesrl.com\/aerospace\/#primaryimage\"},\"image\":{\"@id\":\"https:\/\/artenginesrl.com\/aerospace\/#primaryimage\"},\"thumbnailUrl\":\"https:\/\/artenginesrl.com\/wp-content\/uploads\/2024\/01\/7.webp\",\"datePublished\":\"2024-01-11T21:31:00+00:00\",\"dateModified\":\"2025-08-24T21:01:14+00:00\",\"breadcrumb\":{\"@id\":\"https:\/\/artenginesrl.com\/aerospace\/#breadcrumb\"},\"inLanguage\":\"it-IT\",\"potentialAction\":[{\"@type\":\"ReadAction\",\"target\":[\"https:\/\/artenginesrl.com\/aerospace\/\"]}]},{\"@type\":\"ImageObject\",\"inLanguage\":\"it-IT\",\"@id\":\"https:\/\/artenginesrl.com\/aerospace\/#primaryimage\",\"url\":\"https:\/\/artenginesrl.com\/wp-content\/uploads\/2024\/01\/7.webp\",\"contentUrl\":\"https:\/\/artenginesrl.com\/wp-content\/uploads\/2024\/01\/7.webp\"},{\"@type\":\"BreadcrumbList\",\"@id\":\"https:\/\/artenginesrl.com\/aerospace\/#breadcrumb\",\"itemListElement\":[{\"@type\":\"ListItem\",\"position\":1,\"name\":\"Home\",\"item\":\"https:\/\/artenginesrl.com\/\"},{\"@type\":\"ListItem\",\"position\":2,\"name\":\"Aerospace\"}]},{\"@type\":\"WebSite\",\"@id\":\"https:\/\/artenginesrl.com\/#website\",\"url\":\"https:\/\/artenginesrl.com\/\",\"name\":\"ArtEngine S.r.l.\",\"description\":\" Inspection, Expediting, Audit, Engineering Consultancy, and Import &amp; Export\",\"publisher\":{\"@id\":\"https:\/\/artenginesrl.com\/#organization\"},\"potentialAction\":[{\"@type\":\"SearchAction\",\"target\":{\"@type\":\"EntryPoint\",\"urlTemplate\":\"https:\/\/artenginesrl.com\/?s={search_term_string}\"},\"query-input\":{\"@type\":\"PropertyValueSpecification\",\"valueRequired\":true,\"valueName\":\"search_term_string\"}}],\"inLanguage\":\"it-IT\"},{\"@type\":\"Organization\",\"@id\":\"https:\/\/artenginesrl.com\/#organization\",\"name\":\"ArtEngine S.r.l.\",\"url\":\"https:\/\/artenginesrl.com\/\",\"logo\":{\"@type\":\"ImageObject\",\"inLanguage\":\"it-IT\",\"@id\":\"https:\/\/artenginesrl.com\/#\/schema\/logo\/image\/\",\"url\":\"https:\/\/artenginesrl.com\/wp-content\/uploads\/2025\/07\/cropped-LOGO-LONG-WHITE-scaled-1.webp\",\"contentUrl\":\"https:\/\/artenginesrl.com\/wp-content\/uploads\/2025\/07\/cropped-LOGO-LONG-WHITE-scaled-1.webp\",\"width\":2558,\"height\":511,\"caption\":\"ArtEngine S.r.l.\"},\"image\":{\"@id\":\"https:\/\/artenginesrl.com\/#\/schema\/logo\/image\/\"}}]}<\/script>\n<!-- \/ Yoast SEO plugin. -->","yoast_head_json":{"title":"Aerospace - ArtEngine S.r.l.","robots":{"index":"index","follow":"follow","max-snippet":"max-snippet:-1","max-image-preview":"max-image-preview:large","max-video-preview":"max-video-preview:-1"},"canonical":"https:\/\/artenginesrl.com\/it\/aerospace\/","og_locale":"it_IT","og_type":"article","og_title":"Aerospace - ArtEngine S.r.l.","og_url":"https:\/\/artenginesrl.com\/it\/aerospace\/","og_site_name":"ArtEngine S.r.l.","article_modified_time":"2025-08-24T21:01:14+00:00","og_image":[{"url":"https:\/\/artenginesrl.com\/wp-content\/uploads\/2024\/01\/7.webp","type":"","width":"","height":""}],"twitter_card":"summary_large_image","twitter_misc":{"Tempo di lettura stimato":"1 minuto"},"schema":{"@context":"https:\/\/schema.org","@graph":[{"@type":"WebPage","@id":"https:\/\/artenginesrl.com\/aerospace\/","url":"https:\/\/artenginesrl.com\/aerospace\/","name":"Aerospace - ArtEngine S.r.l.","isPartOf":{"@id":"https:\/\/artenginesrl.com\/#website"},"primaryImageOfPage":{"@id":"https:\/\/artenginesrl.com\/aerospace\/#primaryimage"},"image":{"@id":"https:\/\/artenginesrl.com\/aerospace\/#primaryimage"},"thumbnailUrl":"https:\/\/artenginesrl.com\/wp-content\/uploads\/2024\/01\/7.webp","datePublished":"2024-01-11T21:31:00+00:00","dateModified":"2025-08-24T21:01:14+00:00","breadcrumb":{"@id":"https:\/\/artenginesrl.com\/aerospace\/#breadcrumb"},"inLanguage":"it-IT","potentialAction":[{"@type":"ReadAction","target":["https:\/\/artenginesrl.com\/aerospace\/"]}]},{"@type":"ImageObject","inLanguage":"it-IT","@id":"https:\/\/artenginesrl.com\/aerospace\/#primaryimage","url":"https:\/\/artenginesrl.com\/wp-content\/uploads\/2024\/01\/7.webp","contentUrl":"https:\/\/artenginesrl.com\/wp-content\/uploads\/2024\/01\/7.webp"},{"@type":"BreadcrumbList","@id":"https:\/\/artenginesrl.com\/aerospace\/#breadcrumb","itemListElement":[{"@type":"ListItem","position":1,"name":"Home","item":"https:\/\/artenginesrl.com\/"},{"@type":"ListItem","position":2,"name":"Aerospace"}]},{"@type":"WebSite","@id":"https:\/\/artenginesrl.com\/#website","url":"https:\/\/artenginesrl.com\/","name":"ArtEngine S.r.l.","description":"Inspection, Expediting, Audit, Engineering Consultancy, and Import &amp; Export","publisher":{"@id":"https:\/\/artenginesrl.com\/#organization"},"potentialAction":[{"@type":"SearchAction","target":{"@type":"EntryPoint","urlTemplate":"https:\/\/artenginesrl.com\/?s={search_term_string}"},"query-input":{"@type":"PropertyValueSpecification","valueRequired":true,"valueName":"search_term_string"}}],"inLanguage":"it-IT"},{"@type":"Organization","@id":"https:\/\/artenginesrl.com\/#organization","name":"ArtEngine S.r.l.","url":"https:\/\/artenginesrl.com\/","logo":{"@type":"ImageObject","inLanguage":"it-IT","@id":"https:\/\/artenginesrl.com\/#\/schema\/logo\/image\/","url":"https:\/\/artenginesrl.com\/wp-content\/uploads\/2025\/07\/cropped-LOGO-LONG-WHITE-scaled-1.webp","contentUrl":"https:\/\/artenginesrl.com\/wp-content\/uploads\/2025\/07\/cropped-LOGO-LONG-WHITE-scaled-1.webp","width":2558,"height":511,"caption":"ArtEngine S.r.l."},"image":{"@id":"https:\/\/artenginesrl.com\/#\/schema\/logo\/image\/"}}]}},"uagb_featured_image_src":{"full":false,"thumbnail":false,"medium":false,"medium_large":false,"large":false,"1536x1536":false,"2048x2048":false,"trp-custom-language-flag":false,"woocommerce_thumbnail":false,"woocommerce_single":false,"woocommerce_gallery_thumbnail":false},"uagb_author_info":{"display_name":"user","author_link":"https:\/\/artenginesrl.com\/it\/author\/user\/"},"uagb_comment_info":0,"uagb_excerpt":null,"jetpack_sharing_enabled":true,"_links":{"self":[{"href":"https:\/\/artenginesrl.com\/it\/wp-json\/wp\/v2\/pages\/1297","targetHints":{"allow":["GET"]}}],"collection":[{"href":"https:\/\/artenginesrl.com\/it\/wp-json\/wp\/v2\/pages"}],"about":[{"href":"https:\/\/artenginesrl.com\/it\/wp-json\/wp\/v2\/types\/page"}],"author":[{"embeddable":true,"href":"https:\/\/artenginesrl.com\/it\/wp-json\/wp\/v2\/users\/1"}],"replies":[{"embeddable":true,"href":"https:\/\/artenginesrl.com\/it\/wp-json\/wp\/v2\/comments?post=1297"}],"version-history":[{"count":13,"href":"https:\/\/artenginesrl.com\/it\/wp-json\/wp\/v2\/pages\/1297\/revisions"}],"predecessor-version":[{"id":4297,"href":"https:\/\/artenginesrl.com\/it\/wp-json\/wp\/v2\/pages\/1297\/revisions\/4297"}],"wp:attachment":[{"href":"https:\/\/artenginesrl.com\/it\/wp-json\/wp\/v2\/media?parent=1297"}],"curies":[{"name":"wp","href":"https:\/\/api.w.org\/{rel}","templated":true}]}}