{"id":1274,"date":"2024-01-11T19:28:47","date_gmt":"2024-01-11T19:28:47","guid":{"rendered":"http:\/\/52.29.139.90\/?page_id=1274"},"modified":"2025-08-24T23:04:15","modified_gmt":"2025-08-24T23:04:15","slug":"construction","status":"publish","type":"page","link":"https:\/\/artenginesrl.com\/it\/construction\/","title":{"rendered":"Costruzioni"},"content":{"rendered":"<div class=\"wp-block-uagb-container uagb-block-812d01ab alignfull uagb-is-root-container\">\n<h5 class=\"wp-block-gutenverse-heading guten-element guten-f46KJ9 animated guten-element-hide desktop-fadeInUp\">Costruzioni<\/h5>\n\n\n\n<h2 class=\"wp-block-gutenverse-heading guten-element guten-yXVl73 animated guten-element-hide desktop-fadeInUp\">Specializzati in ispezioni, accelerazioni e audit nel settore delle costruzioni per garantire la qualit\u00e0<\/h2>\n\n\n\n<div class=\"guten-element gutenverse-text-editor guten-6AyB0U animated guten-element-hide desktop-fadeInUp\"><div class=\"text-content-inner\">\n<p class=\"has-secondary-font-family has-small-font-size\">Offriamo servizi specializzati di ispezione, accelerazione e audit su misura per le esigenze di qualit\u00e0 e conformit\u00e0 del settore delle costruzioni<\/p>\n<\/div><\/div>\n<\/div>\n\n\n\n<div class=\"section-wrapper\" data-id=\"Egpgxw\"><section class=\"wp-block-gutenverse-section guten-element guten-section guten-Egpgxw layout-boxed align-stretch\"><div class=\"guten-container guten-column-gap-default\">\n<div class=\"wp-block-gutenverse-column guten-element guten-column guten-1kIvXX\"><div class=\"guten-column-wrapper\" data-id=\"1kIvXX\">\n<div class=\"wp-block-gutenverse-image guten-element guten-image guten-HDgFum animated guten-element-hide desktop-fadeInLeft\"><div class=\"guten-image-wrapper\"><img fetchpriority=\"high\" decoding=\"async\" class=\"gutenverse-image-box-filled\" src=\"https:\/\/artenginesrl.com\/wp-content\/uploads\/2024\/02\/construction.webp\" height=\"1920\" width=\"1449\"\/><\/div><\/div>\n<\/div><\/div>\n\n\n\n<div class=\"wp-block-gutenverse-column guten-element guten-column guten-ulD758 animated guten-element-hide desktop-fadeInRight\"><div class=\"guten-column-wrapper\" data-id=\"ulD758\">\n<h2 class=\"wp-block-gutenverse-heading guten-element guten-cLDML8 animated guten-element-hide desktop-fadeInLeft\">Eccellenza nella Costruzione: Il Dominio dei Progetti di Artengine Liberato<\/h2>\n\n\n\n<div class=\"guten-element gutenverse-text-editor guten-xRCYmM animated guten-element-hide desktop-fadeInLeft\"><div class=\"text-content-inner\">\n<p class=\"has-secondary-font-family has-small-font-size\">Il nostro team dedicato garantisce l'integrazione senza soluzione di continuit\u00e0 di qualit\u00e0 ed efficienza nei processi di costruzione. Offriamo servizi di ispezione e audit completi, garantendo la conformit\u00e0 agli standard dell'industria. Le nostre soluzioni di spedizione assicurano il rispetto dei tempi stabiliti nel progetto. Artengine S.r.l aderisce ai protocolli di sicurezza e mantiene gli standard di qualit\u00e0 pi\u00f9 elevati. Affidati a noi come tuo partner affidabile per promuovere l'eccellenza nel dinamico mondo delle industrie della costruzione.<\/p>\n<\/div><\/div>\n<\/div><\/div>\n<\/div><\/section><\/div>\n\n\n\n<div class=\"section-wrapper\" data-id=\"K0Z9hU\"><section class=\"wp-block-gutenverse-section guten-element guten-section guten-K0Z9hU layout-boxed align-stretch\"><div class=\"guten-background-overlay\"><\/div><div class=\"guten-container guten-column-gap-default\">\n<div class=\"wp-block-gutenverse-column guten-element guten-column guten-IbQOH1\"><div class=\"guten-column-wrapper\" data-id=\"IbQOH1\">\n<h2 class=\"wp-block-gutenverse-heading guten-element guten-JO1ylO animated guten-element-hide desktop-fadeInUp\">Sei ancora confuso riguardo alle nostre caratteristiche? Ottieni una consulenza<\/h2>\n\n\n\n<div class=\"guten-element gutenverse-text-editor guten-EtWl3J animated guten-element-hide desktop-fadeInUp\"><div class=\"text-content-inner\">\n<p>Incerto riguardo alle nostre funzionalit\u00e0? Prenota una consulenza per una guida personalizzata e chiarezza su come i nostri servizi possano beneficiarti<\/p>\n<\/div><\/div>\n\n\n\n<div class=\"guten-element guten-button-wrapper guten-feMf7x\"><a class=\"guten-button animated guten-element-hide slow desktop-fadeInUp guten-button-sm\" href=\"https:\/\/artenginesrl.com\/it\/contact-us\/\"><span>Ottenere Un Preventivo<\/span><\/a><\/div>\n<\/div><\/div>\n<\/div><\/section><\/div>","protected":false},"excerpt":{"rendered":"","protected":false},"author":1,"featured_media":0,"parent":0,"menu_order":0,"comment_status":"closed","ping_status":"closed","template":"wp-custom-template-construction","meta":{"_eb_attr":"","_uag_custom_page_level_css":"","footnotes":""},"class_list":["post-1274","page","type-page","status-publish","hentry"],"yoast_head":"<!-- This site is optimized with the Yoast SEO plugin v25.8 - https:\/\/yoast.com\/wordpress\/plugins\/seo\/ -->\n<title>Construction - ArtEngine S.r.l.<\/title>\n<meta name=\"robots\" content=\"index, follow, max-snippet:-1, max-image-preview:large, max-video-preview:-1\" \/>\n<link rel=\"canonical\" href=\"https:\/\/artenginesrl.com\/it\/construction\/\" \/>\n<meta property=\"og:locale\" content=\"it_IT\" \/>\n<meta property=\"og:type\" content=\"article\" \/>\n<meta property=\"og:title\" content=\"Construction - ArtEngine S.r.l.\" \/>\n<meta property=\"og:url\" content=\"https:\/\/artenginesrl.com\/it\/construction\/\" \/>\n<meta property=\"og:site_name\" content=\"ArtEngine S.r.l.\" \/>\n<meta property=\"article:modified_time\" content=\"2025-08-24T23:04:15+00:00\" \/>\n<meta property=\"og:image\" content=\"https:\/\/artenginesrl.com\/wp-content\/uploads\/2024\/02\/construction.webp\" \/>\n<meta name=\"twitter:card\" content=\"summary_large_image\" \/>\n<meta name=\"twitter:label1\" content=\"Tempo di lettura stimato\" \/>\n\t<meta name=\"twitter:data1\" content=\"1 minuto\" \/>\n<script type=\"application\/ld+json\" class=\"yoast-schema-graph\">{\"@context\":\"https:\/\/schema.org\",\"@graph\":[{\"@type\":\"WebPage\",\"@id\":\"https:\/\/artenginesrl.com\/construction\/\",\"url\":\"https:\/\/artenginesrl.com\/construction\/\",\"name\":\"Construction - ArtEngine S.r.l.\",\"isPartOf\":{\"@id\":\"https:\/\/artenginesrl.com\/#website\"},\"primaryImageOfPage\":{\"@id\":\"https:\/\/artenginesrl.com\/construction\/#primaryimage\"},\"image\":{\"@id\":\"https:\/\/artenginesrl.com\/construction\/#primaryimage\"},\"thumbnailUrl\":\"https:\/\/artenginesrl.com\/wp-content\/uploads\/2024\/02\/construction.webp\",\"datePublished\":\"2024-01-11T19:28:47+00:00\",\"dateModified\":\"2025-08-24T23:04:15+00:00\",\"breadcrumb\":{\"@id\":\"https:\/\/artenginesrl.com\/construction\/#breadcrumb\"},\"inLanguage\":\"it-IT\",\"potentialAction\":[{\"@type\":\"ReadAction\",\"target\":[\"https:\/\/artenginesrl.com\/construction\/\"]}]},{\"@type\":\"ImageObject\",\"inLanguage\":\"it-IT\",\"@id\":\"https:\/\/artenginesrl.com\/construction\/#primaryimage\",\"url\":\"https:\/\/artenginesrl.com\/wp-content\/uploads\/2024\/02\/construction.webp\",\"contentUrl\":\"https:\/\/artenginesrl.com\/wp-content\/uploads\/2024\/02\/construction.webp\"},{\"@type\":\"BreadcrumbList\",\"@id\":\"https:\/\/artenginesrl.com\/construction\/#breadcrumb\",\"itemListElement\":[{\"@type\":\"ListItem\",\"position\":1,\"name\":\"Home\",\"item\":\"https:\/\/artenginesrl.com\/\"},{\"@type\":\"ListItem\",\"position\":2,\"name\":\"Construction\"}]},{\"@type\":\"WebSite\",\"@id\":\"https:\/\/artenginesrl.com\/#website\",\"url\":\"https:\/\/artenginesrl.com\/\",\"name\":\"ArtEngine S.r.l.\",\"description\":\" Inspection, Expediting, Audit, Engineering Consultancy, and Import &amp; Export\",\"publisher\":{\"@id\":\"https:\/\/artenginesrl.com\/#organization\"},\"potentialAction\":[{\"@type\":\"SearchAction\",\"target\":{\"@type\":\"EntryPoint\",\"urlTemplate\":\"https:\/\/artenginesrl.com\/?s={search_term_string}\"},\"query-input\":{\"@type\":\"PropertyValueSpecification\",\"valueRequired\":true,\"valueName\":\"search_term_string\"}}],\"inLanguage\":\"it-IT\"},{\"@type\":\"Organization\",\"@id\":\"https:\/\/artenginesrl.com\/#organization\",\"name\":\"ArtEngine S.r.l.\",\"url\":\"https:\/\/artenginesrl.com\/\",\"logo\":{\"@type\":\"ImageObject\",\"inLanguage\":\"it-IT\",\"@id\":\"https:\/\/artenginesrl.com\/#\/schema\/logo\/image\/\",\"url\":\"https:\/\/artenginesrl.com\/wp-content\/uploads\/2025\/07\/cropped-LOGO-LONG-WHITE-scaled-1.webp\",\"contentUrl\":\"https:\/\/artenginesrl.com\/wp-content\/uploads\/2025\/07\/cropped-LOGO-LONG-WHITE-scaled-1.webp\",\"width\":2558,\"height\":511,\"caption\":\"ArtEngine S.r.l.\"},\"image\":{\"@id\":\"https:\/\/artenginesrl.com\/#\/schema\/logo\/image\/\"}}]}<\/script>\n<!-- \/ Yoast SEO plugin. -->","yoast_head_json":{"title":"Construction - ArtEngine S.r.l.","robots":{"index":"index","follow":"follow","max-snippet":"max-snippet:-1","max-image-preview":"max-image-preview:large","max-video-preview":"max-video-preview:-1"},"canonical":"https:\/\/artenginesrl.com\/it\/construction\/","og_locale":"it_IT","og_type":"article","og_title":"Construction - ArtEngine S.r.l.","og_url":"https:\/\/artenginesrl.com\/it\/construction\/","og_site_name":"ArtEngine S.r.l.","article_modified_time":"2025-08-24T23:04:15+00:00","og_image":[{"url":"https:\/\/artenginesrl.com\/wp-content\/uploads\/2024\/02\/construction.webp","type":"","width":"","height":""}],"twitter_card":"summary_large_image","twitter_misc":{"Tempo di lettura stimato":"1 minuto"},"schema":{"@context":"https:\/\/schema.org","@graph":[{"@type":"WebPage","@id":"https:\/\/artenginesrl.com\/construction\/","url":"https:\/\/artenginesrl.com\/construction\/","name":"Construction - ArtEngine S.r.l.","isPartOf":{"@id":"https:\/\/artenginesrl.com\/#website"},"primaryImageOfPage":{"@id":"https:\/\/artenginesrl.com\/construction\/#primaryimage"},"image":{"@id":"https:\/\/artenginesrl.com\/construction\/#primaryimage"},"thumbnailUrl":"https:\/\/artenginesrl.com\/wp-content\/uploads\/2024\/02\/construction.webp","datePublished":"2024-01-11T19:28:47+00:00","dateModified":"2025-08-24T23:04:15+00:00","breadcrumb":{"@id":"https:\/\/artenginesrl.com\/construction\/#breadcrumb"},"inLanguage":"it-IT","potentialAction":[{"@type":"ReadAction","target":["https:\/\/artenginesrl.com\/construction\/"]}]},{"@type":"ImageObject","inLanguage":"it-IT","@id":"https:\/\/artenginesrl.com\/construction\/#primaryimage","url":"https:\/\/artenginesrl.com\/wp-content\/uploads\/2024\/02\/construction.webp","contentUrl":"https:\/\/artenginesrl.com\/wp-content\/uploads\/2024\/02\/construction.webp"},{"@type":"BreadcrumbList","@id":"https:\/\/artenginesrl.com\/construction\/#breadcrumb","itemListElement":[{"@type":"ListItem","position":1,"name":"Home","item":"https:\/\/artenginesrl.com\/"},{"@type":"ListItem","position":2,"name":"Construction"}]},{"@type":"WebSite","@id":"https:\/\/artenginesrl.com\/#website","url":"https:\/\/artenginesrl.com\/","name":"ArtEngine S.r.l.","description":"Inspection, Expediting, Audit, Engineering Consultancy, and Import &amp; Export","publisher":{"@id":"https:\/\/artenginesrl.com\/#organization"},"potentialAction":[{"@type":"SearchAction","target":{"@type":"EntryPoint","urlTemplate":"https:\/\/artenginesrl.com\/?s={search_term_string}"},"query-input":{"@type":"PropertyValueSpecification","valueRequired":true,"valueName":"search_term_string"}}],"inLanguage":"it-IT"},{"@type":"Organization","@id":"https:\/\/artenginesrl.com\/#organization","name":"ArtEngine S.r.l.","url":"https:\/\/artenginesrl.com\/","logo":{"@type":"ImageObject","inLanguage":"it-IT","@id":"https:\/\/artenginesrl.com\/#\/schema\/logo\/image\/","url":"https:\/\/artenginesrl.com\/wp-content\/uploads\/2025\/07\/cropped-LOGO-LONG-WHITE-scaled-1.webp","contentUrl":"https:\/\/artenginesrl.com\/wp-content\/uploads\/2025\/07\/cropped-LOGO-LONG-WHITE-scaled-1.webp","width":2558,"height":511,"caption":"ArtEngine S.r.l."},"image":{"@id":"https:\/\/artenginesrl.com\/#\/schema\/logo\/image\/"}}]}},"uagb_featured_image_src":{"full":false,"thumbnail":false,"medium":false,"medium_large":false,"large":false,"1536x1536":false,"2048x2048":false,"trp-custom-language-flag":false,"woocommerce_thumbnail":false,"woocommerce_single":false,"woocommerce_gallery_thumbnail":false},"uagb_author_info":{"display_name":"user","author_link":"https:\/\/artenginesrl.com\/it\/author\/user\/"},"uagb_comment_info":0,"uagb_excerpt":null,"jetpack_sharing_enabled":true,"_links":{"self":[{"href":"https:\/\/artenginesrl.com\/it\/wp-json\/wp\/v2\/pages\/1274","targetHints":{"allow":["GET"]}}],"collection":[{"href":"https:\/\/artenginesrl.com\/it\/wp-json\/wp\/v2\/pages"}],"about":[{"href":"https:\/\/artenginesrl.com\/it\/wp-json\/wp\/v2\/types\/page"}],"author":[{"embeddable":true,"href":"https:\/\/artenginesrl.com\/it\/wp-json\/wp\/v2\/users\/1"}],"replies":[{"embeddable":true,"href":"https:\/\/artenginesrl.com\/it\/wp-json\/wp\/v2\/comments?post=1274"}],"version-history":[{"count":13,"href":"https:\/\/artenginesrl.com\/it\/wp-json\/wp\/v2\/pages\/1274\/revisions"}],"predecessor-version":[{"id":3735,"href":"https:\/\/artenginesrl.com\/it\/wp-json\/wp\/v2\/pages\/1274\/revisions\/3735"}],"wp:attachment":[{"href":"https:\/\/artenginesrl.com\/it\/wp-json\/wp\/v2\/media?parent=1274"}],"curies":[{"name":"wp","href":"https:\/\/api.w.org\/{rel}","templated":true}]}}