{"id":1178,"date":"2024-01-09T19:43:40","date_gmt":"2024-01-09T19:43:40","guid":{"rendered":"http:\/\/52.29.139.90\/?page_id=1178"},"modified":"2025-08-28T15:01:50","modified_gmt":"2025-08-28T15:01:50","slug":"audits","status":"publish","type":"page","link":"https:\/\/artenginesrl.com\/it\/audits\/","title":{"rendered":"Audit"},"content":{"rendered":"<div class=\"wp-block-uagb-container uagb-block-5bc6a33f alignfull uagb-is-root-container\">\n<h5 class=\"wp-block-gutenverse-heading guten-element guten-9Ur2J4 animated guten-element-hide desktop-fadeInUp\">Audit (Process Audits, Regulatory Compliance Audits)<\/h5>\n\n\n\n<h2 class=\"wp-block-gutenverse-heading guten-element guten-xKAoYl animated guten-element-hide desktop-fadeInUp\"><strong>Garantendo conformit\u00e0 e efficienza del settore attraverso audit, valutazioni e controlli accurati<\/strong><\/h2>\n\n\n\n<div class=\"guten-element gutenverse-text-editor guten-V9zAT9 animated guten-element-hide desktop-fadeInUp\"><div class=\"text-content-inner\">\n<p class=\"has-secondary-font-family has-small-font-size\">We ensure your suppliers meet quality, compliance, and reliability standards, building stronger, safer partnerships.<\/p>\n<\/div><\/div>\n<\/div>\n\n\n\n<div class=\"section-wrapper\" data-id=\"03WiTz\"><section class=\"wp-block-gutenverse-section guten-element guten-section guten-03WiTz layout-fullwidth align-stretch\"><div class=\"guten-container guten-column-gap-no\">\n<div class=\"wp-block-gutenverse-column guten-element guten-column guten-4Jq8ID\"><div class=\"guten-column-wrapper\" data-id=\"4Jq8ID\">\n<h2 class=\"wp-block-gutenverse-heading guten-element guten-lSDHjA animated guten-element-hide desktop-fadeInLeft\">Supplier Auditing for Industry<\/h2>\n\n\n\n<div class=\"guten-element gutenverse-text-editor guten-VImVkl animated guten-element-hide desktop-fadeInLeft\"><div class=\"text-content-inner\">\n<p>Conformit\u00e0 e efficienza industriale garantite tramite audit di qualit\u00e0, sicurezza, catena di fornitura e conformit\u00e0 normativa.<\/p>\n\n\n\n<p class=\"has-secondary-color has-text-color has-link-color has-secondary-font-family wp-elements-4a6441c8f4fc7b29c22a6252551b5fcf\"><strong>Esplora i nostri servizi di audit completi:<\/strong><\/p>\n\n\n\n<div class=\"guten-element guten-9a0m3M animated guten-element-hide desktop-fadeInRight guten-icon-box icon-position-left\"><div class=\"guten-icon-box-wrapper hover-from-left\"><div class=\"icon-box icon-box-header\"><div class=\"icon bg-style-color\"><i class=\"gtn gtn-tick-light icon-style-color\"><\/i><\/div><\/div><div class=\"icon-box icon-box-body\"><h4 class=\"title\"><strong>Audit di Qualit\u00e0<\/strong><\/h4><p class=\"icon-box-description\">Assicurati che i tuoi prodotti o servizi rispettino gli standard di qualit\u00e0 pi\u00f9 elevati con i nostri audit approfonditi, garantendo la conformit\u00e0 e la soddisfazione del cliente<\/p><\/div><\/div><\/div>\n\n\n\n<div class=\"guten-element guten-ueuwAo animated guten-element-hide desktop-fadeInRight guten-icon-box icon-position-left\"><div class=\"guten-icon-box-wrapper hover-from-left\"><div class=\"icon-box icon-box-header\"><div class=\"icon bg-style-color\"><i class=\"gtn gtn-tick-light icon-style-color\"><\/i><\/div><\/div><div class=\"icon-box icon-box-body\"><h4 class=\"title\"><strong><strong>Audit di Sicurezza<\/strong><\/strong><\/h4><p class=\"icon-box-description\">Dai la priorit\u00e0 alla sicurezza sul luogo di lavoro con le nostre valutazioni della sicurezza, identificando e mitigando potenziali pericoli per creare un ambiente di lavoro sicuro e conforme.<\/p><\/div><\/div><\/div>\n\n\n\n<div class=\"guten-element guten-TgQ5ID animated guten-element-hide desktop-fadeInRight guten-icon-box icon-position-left\"><div class=\"guten-icon-box-wrapper hover-from-left\"><div class=\"icon-box icon-box-header\"><div class=\"icon bg-style-color\"><i class=\"gtn gtn-tick-light icon-style-color\"><\/i><\/div><\/div><div class=\"icon-box icon-box-body\"><h4 class=\"title\"><strong><strong><strong>Supply Chain Audits<\/strong><\/strong><\/strong><\/h4><p class=\"icon-box-description\">Ottimizza l'efficienza e l'affidabilit\u00e0 della tua catena di approvvigionamento con le nostre valutazioni, garantendo conformit\u00e0 e prestazioni robuste dai fornitori ai processi<\/p><\/div><\/div><\/div>\n\n\n\n<div class=\"guten-element guten-r3Q2PT animated guten-element-hide desktop-fadeInRight guten-icon-box icon-position-left\"><div class=\"guten-icon-box-wrapper hover-from-left\"><div class=\"icon-box icon-box-header\"><div class=\"icon bg-style-color\"><i class=\"gtn gtn-tick-light icon-style-color\"><\/i><\/div><\/div><div class=\"icon-box icon-box-body\"><h4 class=\"title\"><strong><strong><strong><strong>Audit dei Processi e della Conformit\u00e0<\/strong><\/strong><\/strong><\/strong><\/h4><p class=\"icon-box-description\">Migliora l'efficienza operativa e l'aderenza normativa con i nostri audit, identificando opportunit\u00e0 di miglioramento, rispetto degli standard e flussi di lavoro ottimizzati<\/p><\/div><\/div><\/div>\n\n\n\n<div class=\"guten-element guten-tZsA4U animated guten-element-hide desktop-fadeInRight guten-icon-box icon-position-left\"><div class=\"guten-icon-box-wrapper hover-from-left\"><div class=\"icon-box icon-box-header\"><div class=\"icon bg-style-color\"><i class=\"gtn gtn-tick-light icon-style-color\"><\/i><\/div><\/div><div class=\"icon-box icon-box-body\"><h4 class=\"title\"><strong><strong><strong><strong><strong>Audit Interni<\/strong><\/strong><\/strong><\/strong><\/strong><\/h4><p class=\"icon-box-description\">Potenzia la tua organizzazione con i nostri audit interni, che revisionano meticolosamente le operazioni, la conformit\u00e0 e l'efficacia per garantire un miglioramento continuo<\/p><\/div><\/div><\/div>\n<\/div><\/div>\n<\/div><\/div>\n\n\n\n<div class=\"wp-block-gutenverse-column guten-element guten-column guten-4sZeYS\"><div class=\"guten-column-wrapper\" data-id=\"4sZeYS\">\n<div class=\"wp-block-gutenverse-image guten-element guten-image guten-NfybqA animated guten-element-hide desktop-fadeInUp hide-tablet\"><div class=\"guten-image-wrapper\"><img fetchpriority=\"high\" decoding=\"async\" class=\"gutenverse-image-box-filled\" src=\"https:\/\/artenginesrl.com\/wp-content\/uploads\/2024\/02\/wepik-audits-1-20240203191746oZxB.webp\" height=\"2000\" width=\"1339\"\/><\/div><\/div>\n\n\n\n<div class=\"guten-element guten-OWRFT1 animated guten-element-hide desktop-fadeInUp guten-fun-fact align-center hover-from-left\"><div class=\"fun-fact-inner\"><div class=\"content block\"><div class=\"number-wrapper\"><span class=\"prefix\"><\/span><span class=\"number loaded\" data-number-format=\"\" data-safe=\"\" data-number=\"20\" data-duration=\"3500\"><\/span><span class=\"suffix\">+<\/span><\/div><span class=\"title\">Anni Di Esperienza<\/span><\/div><\/div><\/div>\n<\/div><\/div>\n\n\n\n<div class=\"wp-block-gutenverse-column guten-element guten-column guten-eBROQU animated guten-element-hide desktop-fadeInUp hide-tablet\"><div class=\"guten-column-wrapper\" data-id=\"eBROQU\">\n<div class=\"wp-block-gutenverse-icon guten-element guten-NfLYbI guten-icon\"><span class=\"guten-icon-wrapper square stacked\"><i class=\"gtn gtn-play-button-light\"><\/i><\/span><\/div>\n\n\n\n<div class=\"wp-block-gutenverse-image guten-element guten-image guten-UDyo5J\"><div class=\"guten-image-wrapper\"><img decoding=\"async\" class=\"gutenverse-image-box-filled\" src=\"https:\/\/artenginesrl.com\/wp-content\/uploads\/2024\/02\/wepik-audits-2-20240203195825sKis.webp\" height=\"2560\" width=\"1706\"\/><\/div><\/div>\n<\/div><\/div>\n<\/div><\/section><\/div>\n\n\n\n<div class=\"section-wrapper\" data-id=\"DGOJun\"><section class=\"wp-block-gutenverse-section guten-element guten-section guten-DGOJun layout-boxed align-stretch\"><div class=\"guten-background-overlay\"><\/div><div class=\"guten-container guten-column-gap-default\">\n<div class=\"wp-block-gutenverse-column guten-element guten-column guten-dO7Znt\"><div class=\"guten-column-wrapper\" data-id=\"dO7Znt\">\n<h2 class=\"wp-block-gutenverse-heading guten-element guten-2WTz66 animated guten-element-hide desktop-fadeInUp\">Sei ancora confuso riguardo alle nostre caratteristiche? Ottieni una consulenza<\/h2>\n\n\n\n<div class=\"guten-element gutenverse-text-editor guten-bJzSAO animated guten-element-hide desktop-fadeInUp\"><div class=\"text-content-inner\">\n<p>Incerto riguardo alle nostre funzionalit\u00e0? Prenota una consulenza per una guida personalizzata e chiarezza su come i nostri servizi possano beneficiarti<\/p>\n<\/div><\/div>\n\n\n\n<div class=\"guten-element guten-button-wrapper guten-rO8Aex\"><a class=\"guten-button animated guten-element-hide slow desktop-fadeInUp guten-button-sm\" href=\"https:\/\/artenginesrl.com\/it\/contact-us\/\"><span>Ottenere Un Preventivo<\/span><\/a><\/div>\n<\/div><\/div>\n<\/div><\/section><\/div>","protected":false},"excerpt":{"rendered":"","protected":false},"author":1,"featured_media":0,"parent":0,"menu_order":0,"comment_status":"closed","ping_status":"closed","template":"wp-custom-template-audits","meta":{"_eb_attr":"","_uag_custom_page_level_css":"","footnotes":""},"class_list":["post-1178","page","type-page","status-publish","hentry"],"yoast_head":"<!-- This site is optimized with the Yoast SEO plugin v25.8 - https:\/\/yoast.com\/wordpress\/plugins\/seo\/ -->\n<title>Audits - ArtEngine S.r.l.<\/title>\n<meta name=\"robots\" content=\"index, follow, max-snippet:-1, max-image-preview:large, max-video-preview:-1\" \/>\n<link rel=\"canonical\" href=\"https:\/\/artenginesrl.com\/it\/audits\/\" \/>\n<meta property=\"og:locale\" content=\"it_IT\" \/>\n<meta property=\"og:type\" content=\"article\" \/>\n<meta property=\"og:title\" content=\"Audits - ArtEngine S.r.l.\" \/>\n<meta property=\"og:url\" content=\"https:\/\/artenginesrl.com\/it\/audits\/\" \/>\n<meta property=\"og:site_name\" content=\"ArtEngine S.r.l.\" \/>\n<meta property=\"article:modified_time\" content=\"2025-08-28T15:01:50+00:00\" \/>\n<meta property=\"og:image\" content=\"https:\/\/artenginesrl.com\/wp-content\/uploads\/2024\/02\/wepik-audits-1-20240203191746oZxB.webp\" \/>\n<meta name=\"twitter:card\" content=\"summary_large_image\" \/>\n<meta name=\"twitter:label1\" content=\"Tempo di lettura stimato\" \/>\n\t<meta name=\"twitter:data1\" content=\"2 minuti\" \/>\n<script type=\"application\/ld+json\" class=\"yoast-schema-graph\">{\"@context\":\"https:\/\/schema.org\",\"@graph\":[{\"@type\":\"WebPage\",\"@id\":\"https:\/\/artenginesrl.com\/audits\/\",\"url\":\"https:\/\/artenginesrl.com\/audits\/\",\"name\":\"Audits - ArtEngine S.r.l.\",\"isPartOf\":{\"@id\":\"https:\/\/artenginesrl.com\/#website\"},\"primaryImageOfPage\":{\"@id\":\"https:\/\/artenginesrl.com\/audits\/#primaryimage\"},\"image\":{\"@id\":\"https:\/\/artenginesrl.com\/audits\/#primaryimage\"},\"thumbnailUrl\":\"https:\/\/artenginesrl.com\/wp-content\/uploads\/2024\/02\/wepik-audits-1-20240203191746oZxB.webp\",\"datePublished\":\"2024-01-09T19:43:40+00:00\",\"dateModified\":\"2025-08-28T15:01:50+00:00\",\"breadcrumb\":{\"@id\":\"https:\/\/artenginesrl.com\/audits\/#breadcrumb\"},\"inLanguage\":\"it-IT\",\"potentialAction\":[{\"@type\":\"ReadAction\",\"target\":[\"https:\/\/artenginesrl.com\/audits\/\"]}]},{\"@type\":\"ImageObject\",\"inLanguage\":\"it-IT\",\"@id\":\"https:\/\/artenginesrl.com\/audits\/#primaryimage\",\"url\":\"https:\/\/artenginesrl.com\/wp-content\/uploads\/2024\/02\/wepik-audits-1-20240203191746oZxB.webp\",\"contentUrl\":\"https:\/\/artenginesrl.com\/wp-content\/uploads\/2024\/02\/wepik-audits-1-20240203191746oZxB.webp\"},{\"@type\":\"BreadcrumbList\",\"@id\":\"https:\/\/artenginesrl.com\/audits\/#breadcrumb\",\"itemListElement\":[{\"@type\":\"ListItem\",\"position\":1,\"name\":\"Home\",\"item\":\"https:\/\/artenginesrl.com\/\"},{\"@type\":\"ListItem\",\"position\":2,\"name\":\"Audits\"}]},{\"@type\":\"WebSite\",\"@id\":\"https:\/\/artenginesrl.com\/#website\",\"url\":\"https:\/\/artenginesrl.com\/\",\"name\":\"ArtEngine S.r.l.\",\"description\":\" Inspection, Expediting, Audit, Engineering Consultancy, and Import &amp; Export\",\"publisher\":{\"@id\":\"https:\/\/artenginesrl.com\/#organization\"},\"potentialAction\":[{\"@type\":\"SearchAction\",\"target\":{\"@type\":\"EntryPoint\",\"urlTemplate\":\"https:\/\/artenginesrl.com\/?s={search_term_string}\"},\"query-input\":{\"@type\":\"PropertyValueSpecification\",\"valueRequired\":true,\"valueName\":\"search_term_string\"}}],\"inLanguage\":\"it-IT\"},{\"@type\":\"Organization\",\"@id\":\"https:\/\/artenginesrl.com\/#organization\",\"name\":\"ArtEngine S.r.l.\",\"url\":\"https:\/\/artenginesrl.com\/\",\"logo\":{\"@type\":\"ImageObject\",\"inLanguage\":\"it-IT\",\"@id\":\"https:\/\/artenginesrl.com\/#\/schema\/logo\/image\/\",\"url\":\"https:\/\/artenginesrl.com\/wp-content\/uploads\/2025\/07\/cropped-LOGO-LONG-WHITE-scaled-1.webp\",\"contentUrl\":\"https:\/\/artenginesrl.com\/wp-content\/uploads\/2025\/07\/cropped-LOGO-LONG-WHITE-scaled-1.webp\",\"width\":2558,\"height\":511,\"caption\":\"ArtEngine S.r.l.\"},\"image\":{\"@id\":\"https:\/\/artenginesrl.com\/#\/schema\/logo\/image\/\"}}]}<\/script>\n<!-- \/ Yoast SEO plugin. -->","yoast_head_json":{"title":"Audits - ArtEngine S.r.l.","robots":{"index":"index","follow":"follow","max-snippet":"max-snippet:-1","max-image-preview":"max-image-preview:large","max-video-preview":"max-video-preview:-1"},"canonical":"https:\/\/artenginesrl.com\/it\/audits\/","og_locale":"it_IT","og_type":"article","og_title":"Audits - ArtEngine S.r.l.","og_url":"https:\/\/artenginesrl.com\/it\/audits\/","og_site_name":"ArtEngine S.r.l.","article_modified_time":"2025-08-28T15:01:50+00:00","og_image":[{"url":"https:\/\/artenginesrl.com\/wp-content\/uploads\/2024\/02\/wepik-audits-1-20240203191746oZxB.webp","type":"","width":"","height":""}],"twitter_card":"summary_large_image","twitter_misc":{"Tempo di lettura stimato":"2 minuti"},"schema":{"@context":"https:\/\/schema.org","@graph":[{"@type":"WebPage","@id":"https:\/\/artenginesrl.com\/audits\/","url":"https:\/\/artenginesrl.com\/audits\/","name":"Audits - ArtEngine S.r.l.","isPartOf":{"@id":"https:\/\/artenginesrl.com\/#website"},"primaryImageOfPage":{"@id":"https:\/\/artenginesrl.com\/audits\/#primaryimage"},"image":{"@id":"https:\/\/artenginesrl.com\/audits\/#primaryimage"},"thumbnailUrl":"https:\/\/artenginesrl.com\/wp-content\/uploads\/2024\/02\/wepik-audits-1-20240203191746oZxB.webp","datePublished":"2024-01-09T19:43:40+00:00","dateModified":"2025-08-28T15:01:50+00:00","breadcrumb":{"@id":"https:\/\/artenginesrl.com\/audits\/#breadcrumb"},"inLanguage":"it-IT","potentialAction":[{"@type":"ReadAction","target":["https:\/\/artenginesrl.com\/audits\/"]}]},{"@type":"ImageObject","inLanguage":"it-IT","@id":"https:\/\/artenginesrl.com\/audits\/#primaryimage","url":"https:\/\/artenginesrl.com\/wp-content\/uploads\/2024\/02\/wepik-audits-1-20240203191746oZxB.webp","contentUrl":"https:\/\/artenginesrl.com\/wp-content\/uploads\/2024\/02\/wepik-audits-1-20240203191746oZxB.webp"},{"@type":"BreadcrumbList","@id":"https:\/\/artenginesrl.com\/audits\/#breadcrumb","itemListElement":[{"@type":"ListItem","position":1,"name":"Home","item":"https:\/\/artenginesrl.com\/"},{"@type":"ListItem","position":2,"name":"Audits"}]},{"@type":"WebSite","@id":"https:\/\/artenginesrl.com\/#website","url":"https:\/\/artenginesrl.com\/","name":"ArtEngine S.r.l.","description":"Inspection, Expediting, Audit, Engineering Consultancy, and Import &amp; Export","publisher":{"@id":"https:\/\/artenginesrl.com\/#organization"},"potentialAction":[{"@type":"SearchAction","target":{"@type":"EntryPoint","urlTemplate":"https:\/\/artenginesrl.com\/?s={search_term_string}"},"query-input":{"@type":"PropertyValueSpecification","valueRequired":true,"valueName":"search_term_string"}}],"inLanguage":"it-IT"},{"@type":"Organization","@id":"https:\/\/artenginesrl.com\/#organization","name":"ArtEngine S.r.l.","url":"https:\/\/artenginesrl.com\/","logo":{"@type":"ImageObject","inLanguage":"it-IT","@id":"https:\/\/artenginesrl.com\/#\/schema\/logo\/image\/","url":"https:\/\/artenginesrl.com\/wp-content\/uploads\/2025\/07\/cropped-LOGO-LONG-WHITE-scaled-1.webp","contentUrl":"https:\/\/artenginesrl.com\/wp-content\/uploads\/2025\/07\/cropped-LOGO-LONG-WHITE-scaled-1.webp","width":2558,"height":511,"caption":"ArtEngine S.r.l."},"image":{"@id":"https:\/\/artenginesrl.com\/#\/schema\/logo\/image\/"}}]}},"uagb_featured_image_src":{"full":false,"thumbnail":false,"medium":false,"medium_large":false,"large":false,"1536x1536":false,"2048x2048":false,"trp-custom-language-flag":false,"woocommerce_thumbnail":false,"woocommerce_single":false,"woocommerce_gallery_thumbnail":false},"uagb_author_info":{"display_name":"user","author_link":"https:\/\/artenginesrl.com\/it\/author\/user\/"},"uagb_comment_info":0,"uagb_excerpt":null,"jetpack_sharing_enabled":true,"_links":{"self":[{"href":"https:\/\/artenginesrl.com\/it\/wp-json\/wp\/v2\/pages\/1178","targetHints":{"allow":["GET"]}}],"collection":[{"href":"https:\/\/artenginesrl.com\/it\/wp-json\/wp\/v2\/pages"}],"about":[{"href":"https:\/\/artenginesrl.com\/it\/wp-json\/wp\/v2\/types\/page"}],"author":[{"embeddable":true,"href":"https:\/\/artenginesrl.com\/it\/wp-json\/wp\/v2\/users\/1"}],"replies":[{"embeddable":true,"href":"https:\/\/artenginesrl.com\/it\/wp-json\/wp\/v2\/comments?post=1178"}],"version-history":[{"count":13,"href":"https:\/\/artenginesrl.com\/it\/wp-json\/wp\/v2\/pages\/1178\/revisions"}],"predecessor-version":[{"id":4206,"href":"https:\/\/artenginesrl.com\/it\/wp-json\/wp\/v2\/pages\/1178\/revisions\/4206"}],"wp:attachment":[{"href":"https:\/\/artenginesrl.com\/it\/wp-json\/wp\/v2\/media?parent=1178"}],"curies":[{"name":"wp","href":"https:\/\/api.w.org\/{rel}","templated":true}]}}