{"id":1170,"date":"2024-01-09T18:33:01","date_gmt":"2024-01-09T18:33:01","guid":{"rendered":"http:\/\/52.29.139.90\/?page_id=1170"},"modified":"2025-08-25T00:12:47","modified_gmt":"2025-08-25T00:12:47","slug":"expediting","status":"publish","type":"page","link":"https:\/\/artenginesrl.com\/it\/expediting\/","title":{"rendered":"Expediting"},"content":{"rendered":"<div class=\"wp-block-uagb-container uagb-block-881f216d alignfull uagb-is-root-container\">\n<h5 class=\"wp-block-gutenverse-heading guten-element guten-6iEf5t animated guten-element-hide desktop-fadeInUp\">Expediting<\/h5>\n\n\n\n<h2 class=\"wp-block-gutenverse-heading guten-element guten-P9a43l animated guten-element-hide desktop-fadeInUp\"><strong>Prioritizziamo tempestivit\u00e0 e qualit\u00e0, avanzando efficacemente i progetti con soluzioni personalizzate<\/strong><\/h2>\n\n\n\n<div class=\"guten-element gutenverse-text-editor guten-P80yJh animated guten-element-hide desktop-fadeInUp\"><div class=\"text-content-inner\">\n<p class=\"has-secondary-font-family has-small-font-size\">I nostri servizi di accelerazione garantiscono la tempestiva conclusione dei progetti, soddisfacendo efficacemente le esigenze del settore<\/p>\n<\/div><\/div>\n<\/div>\n\n\n\n<div class=\"section-wrapper\" data-id=\"byxivr\"><section class=\"wp-block-gutenverse-section guten-element guten-section guten-byxivr layout-fullwidth align-stretch\"><div class=\"guten-container guten-column-gap-no\">\n<div class=\"wp-block-gutenverse-column guten-element guten-column guten-e7s6oB\"><div class=\"guten-column-wrapper\" data-id=\"e7s6oB\">\n<h2 class=\"wp-block-gutenverse-heading guten-element guten-ovT8lH animated guten-element-hide desktop-fadeInLeft\">Successo del Progetto: Soluzioni Esperte di Expediting<\/h2>\n\n\n\n<div class=\"guten-element gutenverse-text-editor guten-BbcUsG animated guten-element-hide desktop-fadeInLeft\"><div class=\"text-content-inner\">\n<p class=\"has-secondary-font-family\">Il tuo progetto soffre di lacune nella coordinazione, documenti non approvati e comunicazione inadeguata tra le discipline? Le consegne principali dei materiali sono in ritardo, il programma di produzione \u00e8 rinviato e l'approvvigionamento \u00e8 ostacolato a causa di una pianificazione errata? \u00c8 il momento di un expeditor. Ci specializziamo nel razionalizzare i processi, garantire approvazioni tempestive e migliorare la comunicazione per mantenere il tuo progetto in pista e prosperante. I nostri esperti expeditors qualificati sono pronti ad integrarsi senza problemi nella tua organizzazione.<\/p>\n\n\n\n<div class=\"guten-element guten-R4pdTy animated guten-element-hide desktop-fadeInRight guten-icon-box icon-position-left\"><div class=\"guten-icon-box-wrapper hover-from-left\"><div class=\"icon-box icon-box-header\"><div class=\"icon bg-style-color\"><i class=\"gtn gtn-tick-light icon-style-color\"><\/i><\/div><\/div><div class=\"icon-box icon-box-body\"><h4 class=\"title\">Vendor Expediting<\/h4><p class=\"icon-box-description\">Espedire la documentazione per l'approvazione del team di ingegneria, supervisionare la posizione degli ordini secondari, verificare la disponibilit\u00e0 dei materiali con fornitori e sub-fornitori, accelerare il processo di produzione, gestire le ispezioni e garantire una consegna tempestiva<\/p><\/div><\/div><\/div>\n\n\n\n<div class=\"guten-element guten-8SxQaQ animated guten-element-hide desktop-fadeInRight guten-icon-box icon-position-left\"><div class=\"guten-icon-box-wrapper hover-from-left\"><div class=\"icon-box icon-box-header\"><div class=\"icon bg-style-color\"><i class=\"gtn gtn-tick-light icon-style-color\"><\/i><\/div><\/div><div class=\"icon-box icon-box-body\"><h4 class=\"title\">Desk Expediting<\/h4><p class=\"icon-box-description\">Gestendo efficientemente i dettagli del progetto tramite chiamate e telecomunicazioni, garantiamo una coordinazione senza intoppi. Dalla verifica delle liste dei subfornitori e degli ordini secondari al monitoraggio delle scadenze di consegna, dei diagrammi di Gantt e degli schemi di produzione, il nostro servizio di desk expediting ottimizza l'intero processo. La transizione da vendor expediting a desk expediting avviene in modo fluido<\/p><\/div><\/div><\/div>\n\n\n\n<div class=\"guten-element guten-Zb6MBv animated guten-element-hide desktop-fadeInRight guten-icon-box icon-position-left\"><div class=\"guten-icon-box-wrapper hover-from-left\"><div class=\"icon-box icon-box-header\"><div class=\"icon bg-style-color\"><i class=\"gtn gtn-tick-light icon-style-color\"><\/i><\/div><\/div><div class=\"icon-box icon-box-body\"><h4 class=\"title\">Spedizione e Gestione Doganale Accelerata<\/h4><p class=\"icon-box-description\">Garantire una spedizione rapida, un trasporto conforme e una pronta autorizzazione doganale, i nostri servizi di spedizione accelerata semplificano il processo di spedizione per una consegna tempestiva del prodotto<\/p><\/div><\/div><\/div>\n<\/div><\/div>\n<\/div><\/div>\n\n\n\n<div class=\"wp-block-gutenverse-column guten-element guten-column guten-mLj5xy\"><div class=\"guten-column-wrapper\" data-id=\"mLj5xy\">\n<div class=\"wp-block-gutenverse-image guten-element guten-image guten-pilCbC animated guten-element-hide desktop-fadeInUp hide-tablet\"><div class=\"guten-image-wrapper\"><img fetchpriority=\"high\" decoding=\"async\" class=\"gutenverse-image-box-filled\" src=\"https:\/\/artenginesrl.com\/wp-content\/uploads\/2024\/01\/iphone-mobile-person-model-spring-phone-513213-pxhere.com_.webp\" height=\"2000\" width=\"1339\"\/><\/div><\/div>\n\n\n\n<div class=\"guten-element guten-WbhhES animated guten-element-hide desktop-fadeInUp guten-fun-fact align-center hover-from-left\"><div class=\"fun-fact-inner\"><div class=\"content block\"><div class=\"number-wrapper\"><span class=\"prefix\"><\/span><span class=\"number loaded\" data-number-format=\"\" data-safe=\"\" data-number=\"20\" data-duration=\"3500\"><\/span><span class=\"suffix\">+<\/span><\/div><span class=\"title\">Anni Di Esperienza<\/span><\/div><\/div><\/div>\n<\/div><\/div>\n\n\n\n<div class=\"wp-block-gutenverse-column guten-element guten-column guten-8bLC4o animated guten-element-hide desktop-fadeInUp\"><div class=\"guten-column-wrapper\" data-id=\"8bLC4o\">\n<div class=\"wp-block-gutenverse-icon guten-element guten-0mQFpu guten-icon\"><span class=\"guten-icon-wrapper square stacked\"><i class=\"gtn gtn-play-button-light\"><\/i><\/span><\/div>\n\n\n\n<div class=\"wp-block-gutenverse-image guten-element guten-image guten-lguQ9y hide-tablet\"><div class=\"guten-image-wrapper\"><img decoding=\"async\" class=\"gutenverse-image-box-filled\" src=\"https:\/\/artenginesrl.com\/wp-content\/uploads\/2024\/02\/wepik-expediting-2-202402041735364JI1.webp\" height=\"2560\" width=\"1706\"\/><\/div><\/div>\n<\/div><\/div>\n<\/div><\/section><\/div>\n\n\n\n<div class=\"section-wrapper\" data-id=\"efRbok\"><section class=\"wp-block-gutenverse-section guten-element guten-section guten-efRbok layout-boxed align-stretch\"><div class=\"guten-background-overlay\"><\/div><div class=\"guten-container guten-column-gap-default\">\n<div class=\"wp-block-gutenverse-column guten-element guten-column guten-6PdwA7\"><div class=\"guten-column-wrapper\" data-id=\"6PdwA7\">\n<h2 class=\"wp-block-gutenverse-heading guten-element guten-5xu6cO animated guten-element-hide desktop-fadeInUp\">Sei ancora confuso riguardo alle nostre caratteristiche? Ottieni una consulenza<\/h2>\n\n\n\n<div class=\"guten-element gutenverse-text-editor guten-ZuGmfH animated guten-element-hide desktop-fadeInUp\"><div class=\"text-content-inner\">\n<p>Incerto riguardo alle nostre funzionalit\u00e0? Prenota una consulenza per una guida personalizzata e chiarezza su come i nostri servizi possano beneficiarti<\/p>\n<\/div><\/div>\n\n\n\n<div class=\"guten-element guten-button-wrapper guten-s8yHB5\"><a class=\"guten-button animated guten-element-hide slow desktop-fadeInUp guten-button-sm\" href=\"https:\/\/artenginesrl.com\/it\/contact-us\/\"><span>Ottenere Un Preventivo<\/span><\/a><\/div>\n<\/div><\/div>\n<\/div><\/section><\/div>","protected":false},"excerpt":{"rendered":"","protected":false},"author":1,"featured_media":0,"parent":0,"menu_order":0,"comment_status":"closed","ping_status":"closed","template":"wp-custom-template-expediting","meta":{"_eb_attr":"","_uag_custom_page_level_css":"","footnotes":""},"class_list":["post-1170","page","type-page","status-publish","hentry"],"yoast_head":"<!-- This site is optimized with the Yoast SEO plugin v25.8 - https:\/\/yoast.com\/wordpress\/plugins\/seo\/ -->\n<title>Expediting - ArtEngine S.r.l.<\/title>\n<meta name=\"robots\" content=\"index, follow, max-snippet:-1, max-image-preview:large, max-video-preview:-1\" \/>\n<link rel=\"canonical\" href=\"https:\/\/artenginesrl.com\/it\/expediting\/\" \/>\n<meta property=\"og:locale\" content=\"it_IT\" \/>\n<meta property=\"og:type\" content=\"article\" \/>\n<meta property=\"og:title\" content=\"Expediting - ArtEngine S.r.l.\" \/>\n<meta property=\"og:url\" content=\"https:\/\/artenginesrl.com\/it\/expediting\/\" \/>\n<meta property=\"og:site_name\" content=\"ArtEngine S.r.l.\" \/>\n<meta property=\"article:modified_time\" content=\"2025-08-25T00:12:47+00:00\" \/>\n<meta property=\"og:image\" content=\"https:\/\/artenginesrl.com\/wp-content\/uploads\/2024\/01\/iphone-mobile-person-model-spring-phone-513213-pxhere.com_.webp\" \/>\n<meta name=\"twitter:card\" content=\"summary_large_image\" \/>\n<meta name=\"twitter:label1\" content=\"Tempo di lettura stimato\" \/>\n\t<meta name=\"twitter:data1\" content=\"2 minuti\" \/>\n<script type=\"application\/ld+json\" class=\"yoast-schema-graph\">{\"@context\":\"https:\/\/schema.org\",\"@graph\":[{\"@type\":\"WebPage\",\"@id\":\"https:\/\/artenginesrl.com\/expediting\/\",\"url\":\"https:\/\/artenginesrl.com\/expediting\/\",\"name\":\"Expediting - ArtEngine S.r.l.\",\"isPartOf\":{\"@id\":\"https:\/\/artenginesrl.com\/#website\"},\"primaryImageOfPage\":{\"@id\":\"https:\/\/artenginesrl.com\/expediting\/#primaryimage\"},\"image\":{\"@id\":\"https:\/\/artenginesrl.com\/expediting\/#primaryimage\"},\"thumbnailUrl\":\"https:\/\/artenginesrl.com\/wp-content\/uploads\/2024\/01\/iphone-mobile-person-model-spring-phone-513213-pxhere.com_.webp\",\"datePublished\":\"2024-01-09T18:33:01+00:00\",\"dateModified\":\"2025-08-25T00:12:47+00:00\",\"breadcrumb\":{\"@id\":\"https:\/\/artenginesrl.com\/expediting\/#breadcrumb\"},\"inLanguage\":\"it-IT\",\"potentialAction\":[{\"@type\":\"ReadAction\",\"target\":[\"https:\/\/artenginesrl.com\/expediting\/\"]}]},{\"@type\":\"ImageObject\",\"inLanguage\":\"it-IT\",\"@id\":\"https:\/\/artenginesrl.com\/expediting\/#primaryimage\",\"url\":\"https:\/\/artenginesrl.com\/wp-content\/uploads\/2024\/01\/iphone-mobile-person-model-spring-phone-513213-pxhere.com_.webp\",\"contentUrl\":\"https:\/\/artenginesrl.com\/wp-content\/uploads\/2024\/01\/iphone-mobile-person-model-spring-phone-513213-pxhere.com_.webp\"},{\"@type\":\"BreadcrumbList\",\"@id\":\"https:\/\/artenginesrl.com\/expediting\/#breadcrumb\",\"itemListElement\":[{\"@type\":\"ListItem\",\"position\":1,\"name\":\"Home\",\"item\":\"https:\/\/artenginesrl.com\/\"},{\"@type\":\"ListItem\",\"position\":2,\"name\":\"Expediting\"}]},{\"@type\":\"WebSite\",\"@id\":\"https:\/\/artenginesrl.com\/#website\",\"url\":\"https:\/\/artenginesrl.com\/\",\"name\":\"ArtEngine S.r.l.\",\"description\":\" Inspection, Expediting, Audit, Engineering Consultancy, and Import &amp; Export\",\"publisher\":{\"@id\":\"https:\/\/artenginesrl.com\/#organization\"},\"potentialAction\":[{\"@type\":\"SearchAction\",\"target\":{\"@type\":\"EntryPoint\",\"urlTemplate\":\"https:\/\/artenginesrl.com\/?s={search_term_string}\"},\"query-input\":{\"@type\":\"PropertyValueSpecification\",\"valueRequired\":true,\"valueName\":\"search_term_string\"}}],\"inLanguage\":\"it-IT\"},{\"@type\":\"Organization\",\"@id\":\"https:\/\/artenginesrl.com\/#organization\",\"name\":\"ArtEngine S.r.l.\",\"url\":\"https:\/\/artenginesrl.com\/\",\"logo\":{\"@type\":\"ImageObject\",\"inLanguage\":\"it-IT\",\"@id\":\"https:\/\/artenginesrl.com\/#\/schema\/logo\/image\/\",\"url\":\"https:\/\/artenginesrl.com\/wp-content\/uploads\/2025\/07\/cropped-LOGO-LONG-WHITE-scaled-1.webp\",\"contentUrl\":\"https:\/\/artenginesrl.com\/wp-content\/uploads\/2025\/07\/cropped-LOGO-LONG-WHITE-scaled-1.webp\",\"width\":2558,\"height\":511,\"caption\":\"ArtEngine S.r.l.\"},\"image\":{\"@id\":\"https:\/\/artenginesrl.com\/#\/schema\/logo\/image\/\"}}]}<\/script>\n<!-- \/ Yoast SEO plugin. -->","yoast_head_json":{"title":"Expediting - ArtEngine S.r.l.","robots":{"index":"index","follow":"follow","max-snippet":"max-snippet:-1","max-image-preview":"max-image-preview:large","max-video-preview":"max-video-preview:-1"},"canonical":"https:\/\/artenginesrl.com\/it\/expediting\/","og_locale":"it_IT","og_type":"article","og_title":"Expediting - ArtEngine S.r.l.","og_url":"https:\/\/artenginesrl.com\/it\/expediting\/","og_site_name":"ArtEngine S.r.l.","article_modified_time":"2025-08-25T00:12:47+00:00","og_image":[{"url":"https:\/\/artenginesrl.com\/wp-content\/uploads\/2024\/01\/iphone-mobile-person-model-spring-phone-513213-pxhere.com_.webp","type":"","width":"","height":""}],"twitter_card":"summary_large_image","twitter_misc":{"Tempo di lettura stimato":"2 minuti"},"schema":{"@context":"https:\/\/schema.org","@graph":[{"@type":"WebPage","@id":"https:\/\/artenginesrl.com\/expediting\/","url":"https:\/\/artenginesrl.com\/expediting\/","name":"Expediting - ArtEngine S.r.l.","isPartOf":{"@id":"https:\/\/artenginesrl.com\/#website"},"primaryImageOfPage":{"@id":"https:\/\/artenginesrl.com\/expediting\/#primaryimage"},"image":{"@id":"https:\/\/artenginesrl.com\/expediting\/#primaryimage"},"thumbnailUrl":"https:\/\/artenginesrl.com\/wp-content\/uploads\/2024\/01\/iphone-mobile-person-model-spring-phone-513213-pxhere.com_.webp","datePublished":"2024-01-09T18:33:01+00:00","dateModified":"2025-08-25T00:12:47+00:00","breadcrumb":{"@id":"https:\/\/artenginesrl.com\/expediting\/#breadcrumb"},"inLanguage":"it-IT","potentialAction":[{"@type":"ReadAction","target":["https:\/\/artenginesrl.com\/expediting\/"]}]},{"@type":"ImageObject","inLanguage":"it-IT","@id":"https:\/\/artenginesrl.com\/expediting\/#primaryimage","url":"https:\/\/artenginesrl.com\/wp-content\/uploads\/2024\/01\/iphone-mobile-person-model-spring-phone-513213-pxhere.com_.webp","contentUrl":"https:\/\/artenginesrl.com\/wp-content\/uploads\/2024\/01\/iphone-mobile-person-model-spring-phone-513213-pxhere.com_.webp"},{"@type":"BreadcrumbList","@id":"https:\/\/artenginesrl.com\/expediting\/#breadcrumb","itemListElement":[{"@type":"ListItem","position":1,"name":"Home","item":"https:\/\/artenginesrl.com\/"},{"@type":"ListItem","position":2,"name":"Expediting"}]},{"@type":"WebSite","@id":"https:\/\/artenginesrl.com\/#website","url":"https:\/\/artenginesrl.com\/","name":"ArtEngine S.r.l.","description":"Inspection, Expediting, Audit, Engineering Consultancy, and Import &amp; Export","publisher":{"@id":"https:\/\/artenginesrl.com\/#organization"},"potentialAction":[{"@type":"SearchAction","target":{"@type":"EntryPoint","urlTemplate":"https:\/\/artenginesrl.com\/?s={search_term_string}"},"query-input":{"@type":"PropertyValueSpecification","valueRequired":true,"valueName":"search_term_string"}}],"inLanguage":"it-IT"},{"@type":"Organization","@id":"https:\/\/artenginesrl.com\/#organization","name":"ArtEngine S.r.l.","url":"https:\/\/artenginesrl.com\/","logo":{"@type":"ImageObject","inLanguage":"it-IT","@id":"https:\/\/artenginesrl.com\/#\/schema\/logo\/image\/","url":"https:\/\/artenginesrl.com\/wp-content\/uploads\/2025\/07\/cropped-LOGO-LONG-WHITE-scaled-1.webp","contentUrl":"https:\/\/artenginesrl.com\/wp-content\/uploads\/2025\/07\/cropped-LOGO-LONG-WHITE-scaled-1.webp","width":2558,"height":511,"caption":"ArtEngine S.r.l."},"image":{"@id":"https:\/\/artenginesrl.com\/#\/schema\/logo\/image\/"}}]}},"uagb_featured_image_src":{"full":false,"thumbnail":false,"medium":false,"medium_large":false,"large":false,"1536x1536":false,"2048x2048":false,"trp-custom-language-flag":false,"woocommerce_thumbnail":false,"woocommerce_single":false,"woocommerce_gallery_thumbnail":false},"uagb_author_info":{"display_name":"user","author_link":"https:\/\/artenginesrl.com\/it\/author\/user\/"},"uagb_comment_info":0,"uagb_excerpt":null,"jetpack_sharing_enabled":true,"_links":{"self":[{"href":"https:\/\/artenginesrl.com\/it\/wp-json\/wp\/v2\/pages\/1170","targetHints":{"allow":["GET"]}}],"collection":[{"href":"https:\/\/artenginesrl.com\/it\/wp-json\/wp\/v2\/pages"}],"about":[{"href":"https:\/\/artenginesrl.com\/it\/wp-json\/wp\/v2\/types\/page"}],"author":[{"embeddable":true,"href":"https:\/\/artenginesrl.com\/it\/wp-json\/wp\/v2\/users\/1"}],"replies":[{"embeddable":true,"href":"https:\/\/artenginesrl.com\/it\/wp-json\/wp\/v2\/comments?post=1170"}],"version-history":[{"count":17,"href":"https:\/\/artenginesrl.com\/it\/wp-json\/wp\/v2\/pages\/1170\/revisions"}],"predecessor-version":[{"id":3678,"href":"https:\/\/artenginesrl.com\/it\/wp-json\/wp\/v2\/pages\/1170\/revisions\/3678"}],"wp:attachment":[{"href":"https:\/\/artenginesrl.com\/it\/wp-json\/wp\/v2\/media?parent=1170"}],"curies":[{"name":"wp","href":"https:\/\/api.w.org\/{rel}","templated":true}]}}